{"id":1638,"date":"2018-07-10T11:59:49","date_gmt":"2018-07-10T09:59:49","guid":{"rendered":"http:\/\/truckpoolen.se.hemsida.eu\/?page_id=1638"},"modified":"2025-03-10T09:49:49","modified_gmt":"2025-03-10T08:49:49","slug":"service","status":"publish","type":"page","link":"https:\/\/truckpoolen.se\/en\/service\/","title":{"rendered":"Service"},"content":{"rendered":"<p><div class=\"fusion-fullwidth fullwidth-box fusion-builder-row-1 nonhundred-percent-fullwidth non-hundred-percent-height-scrolling fusion-equal-height-columns\" style=\"background-color: rgba(255,255,255,0);background-position: center center;background-repeat: no-repeat;padding-top:0px;padding-right:0px;padding-bottom:0px;padding-left:0px;margin-bottom: 20px;margin-top: 0px;border-width: 0px 0px 0px 0px;border-color:#eae9e9;border-style:solid;\" ><div class=\"fusion-builder-row fusion-row\"><div class=\"fusion-layout-column fusion_builder_column fusion-builder-column-0 fusion_builder_column_1_1 1_1 fusion-one-full fusion-column-first fusion-column-last fusion-column-no-min-height\" style=\"margin-top:0px;margin-bottom:0px;\"><div class=\"fusion-column-wrapper fusion-flex-column-wrapper-legacy\" style=\"background-position:left top;background-repeat:no-repeat;-webkit-background-size:cover;-moz-background-size:cover;-o-background-size:cover;background-size:cover;padding: 0px 0px 0px 0px;\"><div class=\"fusion-text fusion-text-1\"><p class=\"custom-rub\">Service<\/p>\n<\/div><div class=\"fusion-clearfix\"><\/div><\/div><\/div><div class=\"fusion-layout-column fusion_builder_column fusion-builder-column-1 fusion_builder_column_1_2 1_2 fusion-one-half fusion-column-first\" style=\"width:50%;width:calc(50% - ( ( 4% ) * 0.5 ) );margin-right: 4%;margin-top:0px;margin-bottom:0px;\"><div class=\"fusion-column-wrapper fusion-flex-column-wrapper-legacy\" style=\"background-position:left top;background-repeat:no-repeat;-webkit-background-size:cover;-moz-background-size:cover;-o-background-size:cover;background-size:cover;padding: 0px 0px 80px 0px;\"><style type=\"text\/css\"><\/style><div class=\"fusion-title title fusion-title-1 fusion-sep-none fusion-title-text fusion-title-size-one\" style=\"margin-top:0px;margin-right:0px;margin-bottom:10px;margin-left:0px;\"><h1 class=\"title-heading-left\" style=\"margin:0;\">We have a workshop and service vehicles.<\/h1><\/div><div class=\"fusion-text fusion-text-2\"><p>At Truckpoolen, we understand that our customers don't want any unnecessary downtime, which is why preventive maintenance and well-planned truck service in Gothenburg are something we prioritize.<\/p>\n<h2>Reliable forklifts and lifts<\/h2>\n<p>Our focus is on ensuring that you as a customer can dedicate all your time to your own operations and that our trucks in Gothenburg are always reliable.<\/p>\n<\/div><div class=\"fusion-text fusion-text-3\"><h2>Truck service in workshop or on site<\/h2>\n<p>Maintenance, repairs, and truck service in Gothenburg, for both our own and your trucks, are conducted in our workshops or at your location. We operate throughout Gothenburg and its surrounding areas, including Kungsbacka, M\u00f6lndal, Kung\u00e4lv, Lerum, Partille, Ale, and more.<\/p>\n<\/div><div class=\"fusion-text fusion-text-4\"><h2>Service agreement<\/h2>\n<p>An easy way to reduce downtime and address potential issues while ensuring truck safety.<\/p>\n<p>We tailor the agreements to fit your business needs, and our technicians diligently follow our service protocols to ensure that quality and precision are maintained at a high level.<\/p>\n<ul>\n<li>Minimized downtime<\/li>\n<li>The machine is approved according to current laws<\/li>\n<li>Service documentation for the trucks<\/li>\n<li>Minimized safety risks<\/li>\n<li>Beneficial prices<\/li>\n<\/ul>\n<\/div><div class=\"fusion-button-wrapper\"><style type=\"text\/css\">.fusion-button.button-1 {border-radius:25px;}<\/style><a class=\"fusion-button button-flat fusion-button-default-size button-default button-1 fusion-button-default-span fusion-button-default-type\" target=\"_self\" href=\"https:\/\/truckpoolen.se\/en\/kontakt\/\" style=\"margin-top:20px;margin-bottom:20px;\"><span class=\"fusion-button-text\">Please, contact us for any service<\/span><\/a><\/div><div class=\"fusion-clearfix\"><\/div><\/div><\/div><div class=\"fusion-layout-column fusion_builder_column fusion-builder-column-2 fusion_builder_column_1_2 1_2 fusion-one-half fusion-column-last\" style=\"width:50%;width:calc(50% - ( ( 4% ) * 0.5 ) );margin-top:0px;margin-bottom:0px;\" id=\"pic-subpage\"><div class=\"fusion-column-wrapper fusion-flex-column-wrapper-legacy\" style=\"background-image: url(&#039;https:\/\/truckpoolen.se\/wp-content\/uploads\/logga-verkstad-Truckpoolen-scaled.jpg&#039;);background-position:right top;background-repeat:no-repeat;-webkit-background-size:cover;-moz-background-size:cover;-o-background-size:cover;background-size:cover;padding: 0px 0px 20px 0px;\" data-bg-url=\"https:\/\/truckpoolen.se\/wp-content\/uploads\/logga-verkstad-Truckpoolen-scaled.jpg\"><div class=\"fusion-clearfix\"><\/div><\/div><\/div><\/div><\/div><div class=\"fusion-fullwidth fullwidth-box fusion-builder-row-2 nonhundred-percent-fullwidth non-hundred-percent-height-scrolling fusion-equal-height-columns\" style=\"background-color: rgba(255,255,255,0);background-position: center center;background-repeat: no-repeat;padding-top:0px;padding-right:0px;padding-bottom:0px;padding-left:0px;margin-bottom: 0px;margin-top: 50px;border-width: 0px 0px 0px 0px;border-color:#eae9e9;border-style:solid;\" ><div class=\"fusion-builder-row fusion-row\"><div class=\"fusion-layout-column fusion_builder_column fusion-builder-column-3 fusion_builder_column_1_2 1_2 fusion-one-half fusion-column-first minus-top\" style=\"width:50%;width:calc(50% - ( ( 16px ) * 0.5 ) );margin-right: 16px;margin-top:0px;margin-bottom:20px;\"><div class=\"fusion-column-wrapper fusion-flex-column-wrapper-legacy\" style=\"background-position:left top;background-repeat:no-repeat;-webkit-background-size:cover;-moz-background-size:cover;-o-background-size:cover;background-size:cover;background-color:#e3efef;padding: 25px 25px 25px 25px;\"><div class=\"fusion-text fusion-text-5\"><p class=\"custom-rub\">Service and repair manual<\/p>\n<\/div><div class=\"fusion-builder-row fusion-builder-row-inner fusion-row\"><div class=\"fusion-layout-column fusion_builder_column_inner fusion-builder-nested-column-0 fusion_builder_column_inner_1_4 1_4 fusion-one-fourth fusion-column-first fusion-column-no-min-height\" style=\"width:25%;width:calc(25% - ( ( 40px ) * 0.25 ) );margin-right: 40px;margin-top:0px;margin-bottom:0px;\" id=\"service-icon-subpage\"><div class=\"fusion-column-wrapper fusion-flex-column-wrapper-legacy\" style=\"background-position:left top;background-repeat:no-repeat;-webkit-background-size:cover;-moz-background-size:cover;-o-background-size:cover;background-size:cover;padding: 0px 0px 0px 0px;\"><span class=\"fusion-imageframe imageframe-none imageframe-1 hover-type-none\" style=\"margin-right:25px;float:left;\" id=\"service-icon\"><img fetchpriority=\"high\" decoding=\"async\" width=\"1398\" height=\"1398\" alt=\"Ikon med verktyg f\u00f6r truckservice. Professionell truckreparation och underh\u00e5ll i G\u00f6teborg.\" title=\"service icon\" src=\"https:\/\/truckpoolen.se\/wp-content\/uploads\/service-icon.png\" class=\"img-responsive wp-image-3541\" srcset=\"https:\/\/truckpoolen.se\/wp-content\/uploads\/service-icon-200x200.png 200w, https:\/\/truckpoolen.se\/wp-content\/uploads\/service-icon-400x400.png 400w, https:\/\/truckpoolen.se\/wp-content\/uploads\/service-icon-600x600.png 600w, https:\/\/truckpoolen.se\/wp-content\/uploads\/service-icon-800x800.png 800w, https:\/\/truckpoolen.se\/wp-content\/uploads\/service-icon-1200x1200.png 1200w, https:\/\/truckpoolen.se\/wp-content\/uploads\/service-icon.png 1398w\" sizes=\"(max-width: 1000px) 100vw, 400px\" \/><\/span><div class=\"fusion-clearfix\"><\/div><\/div><\/div><div class=\"fusion-layout-column fusion_builder_column_inner fusion-builder-nested-column-1 fusion_builder_column_inner_3_4 3_4 fusion-three-fourth fusion-column-last fusion-column-no-min-height\" style=\"width:75%;width:calc(75% - ( ( 40px ) * 0.75 ) );margin-top:0px;margin-bottom:0px;\" id=\"service-text-start-id\"><div class=\"fusion-column-wrapper fusion-flex-column-wrapper-legacy\" style=\"background-position:left top;background-repeat:no-repeat;-webkit-background-size:cover;-moz-background-size:cover;-o-background-size:cover;background-size:cover;padding: 0px 0px 0px 0px;\"><div class=\"fusion-text fusion-text-6\"><h2>Do you need repair or truck service in Gothenburg?<\/h2>\n<p>In case of urgent needs, our well-trained and service-oriented staff are quickly on site with their fully equipped service vehicles to provide you with truck service in Gothenburg and surrounding area. Call us at the following telephone number: <\/p>\n<\/div><div class=\"fusion-text fusion-text-7\"><p style=\"font-size: 34px; line-height: 1em; font-family: 'Saira Condensed', Arial, Helvetica, sans-serif;\"><a style=\"color: #114e7d;\" href=\"tel:031508190\">031-50 81 90<\/a><\/p>\n<\/div><div class=\"fusion-clearfix\"><\/div><\/div><\/div><\/div><ul class=\"fusion-checklist fusion-checklist-1 infotext-product\" style=\"font-size:14px;line-height:23.8px;\"><li class=\"fusion-li-item\"><span style=\"background-color:rgba(255,255,255,0);font-size:12.32px;height:23.8px;width:23.8px;margin-right:9.8px;\" class=\"icon-wrapper circle-yes\"><i class=\"fusion-li-icon fa-angle-right fas\" style=\"color:#002b4b;\" aria-hidden=\"true\"><\/i><\/span><div class=\"fusion-li-item-content\" style=\"margin-left:33.6px;\"> Other contact options:\u00a0<a href=\"\/en\/kontakt\/#ringupp\">Please send us an e-mail<\/a>\u00a0so we will call you back. <\/div><\/li><\/ul><div class=\"fusion-sep-clear\"><\/div><div class=\"fusion-separator fusion-full-width-sep\" style=\"margin-left: auto;margin-right: auto;margin-top:15px;width:100%;\"><\/div><div class=\"fusion-sep-clear\"><\/div><div class=\"fusion-text fusion-text-8\"><p class=\"custom-rub\">Warehouse hotel<\/p>\n<\/div><div class=\"fusion-text fusion-text-9\"><h2>Storage and warehousing?<\/h2>\n<p>Truckpoolen can offer storage and warehousing of your products - whether it's for a day or several years. If you need temporary buffer storage when your own space is not enough, we are happy to help.<\/p>\n<\/div><div class=\"fusion-button-wrapper\"><style type=\"text\/css\">.fusion-button.button-2 {border-radius:25px;}<\/style><a class=\"fusion-button button-flat fusion-button-default-size button-default button-2 fusion-button-default-span fusion-button-default-type\" target=\"_self\" href=\"\/en\/lagerhotell\/\"><span class=\"fusion-button-text\">More information<\/span><\/a><\/div><div class=\"fusion-clearfix\"><\/div><\/div><\/div><div class=\"fusion-layout-column fusion_builder_column fusion-builder-column-4 fusion_builder_column_1_2 1_2 fusion-one-half fusion-column-last minus-top\" style=\"width:50%;width:calc(50% - ( ( 16px ) * 0.5 ) );margin-top:0px;margin-bottom:20px;\"><div class=\"fusion-column-wrapper fusion-flex-column-wrapper-legacy\" style=\"background-position:left top;background-repeat:no-repeat;-webkit-background-size:cover;-moz-background-size:cover;-o-background-size:cover;background-size:cover;background-color:#e3efef;padding: 25px 25px 25px 25px;\"><div class=\"fusion-text fusion-text-10\"><h2>If you are looking to purchase or rent a forklift in Gothenburg, Sweden?<\/h2>\n<p>Please send us your contact details and a message and we&#039;ll get back to you as soon as we can with a quote or for a consultation. \n<div class=\"wpcf7 no-js\" id=\"wpcf7-f2740-o1\" lang=\"sv-SE\" dir=\"ltr\" data-wpcf7-id=\"2740\">\n<div class=\"screen-reader-response\"><p role=\"status\" aria-live=\"polite\" aria-atomic=\"true\"><\/p> <ul><\/ul><\/div>\n<form action=\"\/en\/wp-json\/wp\/v2\/pages\/1638#wpcf7-f2740-o1\" method=\"post\" class=\"wpcf7-form init\" aria-label=\"Kontaktformul\u00e4r\" novalidate=\"novalidate\" data-status=\"init\" data-trp-original-action=\"\/en\/wp-json\/wp\/v2\/pages\/1638#wpcf7-f2740-o1\">\n<fieldset class=\"hidden-fields-container\"><input type=\"hidden\" name=\"_wpcf7\" value=\"2740\" \/><input type=\"hidden\" name=\"_wpcf7_version\" value=\"6.1.5\" \/><input type=\"hidden\" name=\"_wpcf7_locale\" value=\"sv_SE\" \/><input type=\"hidden\" name=\"_wpcf7_unit_tag\" value=\"wpcf7-f2740-o1\" \/><input type=\"hidden\" name=\"_wpcf7_container_post\" value=\"0\" \/><input type=\"hidden\" name=\"_wpcf7_posted_data_hash\" value=\"\" \/><input type=\"hidden\" name=\"_wpcf7_recaptcha_response\" value=\"\" \/>\n<\/fieldset>\n<p><span class=\"wpcf7-form-control-wrap\" data-name=\"name-2\"><input size=\"40\" maxlength=\"400\" class=\"wpcf7-form-control wpcf7-text wpcf7-validates-as-required\" aria-required=\"true\" aria-invalid=\"false\" placeholder=\"*Enter your name\" value=\"\" type=\"text\" name=\"name-2\" \/><\/span>\n<\/p>\n<p><span class=\"wpcf7-form-control-wrap\" data-name=\"email-2\"><input size=\"40\" maxlength=\"400\" class=\"wpcf7-form-control wpcf7-email wpcf7-validates-as-required wpcf7-text wpcf7-validates-as-email\" aria-required=\"true\" aria-invalid=\"false\" placeholder=\"*Please enter your e-mail\" value=\"\" type=\"email\" name=\"email-2\" \/><\/span>\n<\/p>\n<p><span class=\"wpcf7-form-control-wrap\" data-name=\"tel-2\"><input size=\"40\" maxlength=\"400\" class=\"wpcf7-form-control wpcf7-tel wpcf7-validates-as-required wpcf7-text wpcf7-validates-as-tel\" aria-required=\"true\" aria-invalid=\"false\" placeholder=\"*Please enter a phone number\" value=\"\" type=\"tel\" name=\"tel-2\" \/><\/span>\n<\/p>\n<p><span class=\"wpcf7-form-control-wrap\" data-name=\"textarea-2\"><textarea cols=\"40\" rows=\"10\" maxlength=\"2000\" class=\"wpcf7-form-control wpcf7-textarea\" aria-invalid=\"false\" placeholder=\"Write a message\" name=\"textarea-2\"><\/textarea><\/span>\n<\/p>\n<p>By pressing the \"Submit\" button, you are giving your consent for Truckpoolen will store your contact details.\n<\/p>\n<p><span id=\"wpcf7-6a039b6343cbc-wrapper\" class=\"wpcf7-form-control-wrap honniing-3-wrap\" ><label for=\"wpcf7-6a039b6343cbc-field\" class=\"hp-message\">L\u00e4mna detta f\u00e4lt tomt.<\/label><input id=\"wpcf7-6a039b6343cbc-field\"  class=\"wpcf7-form-control wpcf7-text\" type=\"text\" name=\"honniing-3\" value=\"\" size=\"40\" tabindex=\"-1\" autocomplete=\"new-password\" \/><\/span>\n<\/p>\n\n<p><input class=\"wpcf7-form-control wpcf7-submit has-spinner\" type=\"submit\" value=\"Submit\" \/>\n<\/p><div class=\"fusion-alert alert custom alert-custom fusion-alert-center wpcf7-response-output fusion-alert-capitalize alert-dismissable\" style=\"border-width:1px;\"><button type=\"button\" class=\"close toggle-alert\" data-dismiss=\"alert\" aria-hidden=\"true\">\u00d7<\/button><div class=\"fusion-alert-content-wrapper\"><span class=\"fusion-alert-content\"><\/span><\/div><\/div>\n<input type=\"hidden\" name=\"trp-form-language\" value=\"en\"\/><\/form>\n<\/div>\n <\/p>\n<\/div><div class=\"fusion-clearfix\"><\/div><\/div><\/div><\/div><\/div>\n<\/p>","protected":false},"excerpt":{"rendered":"","protected":false},"author":18,"featured_media":0,"parent":0,"menu_order":0,"comment_status":"closed","ping_status":"closed","template":"","meta":{"footnotes":""},"class_list":["post-1638","page","type-page","status-publish","hentry"],"_links":{"self":[{"href":"https:\/\/truckpoolen.se\/en\/wp-json\/wp\/v2\/pages\/1638","targetHints":{"allow":["GET"]}}],"collection":[{"href":"https:\/\/truckpoolen.se\/en\/wp-json\/wp\/v2\/pages"}],"about":[{"href":"https:\/\/truckpoolen.se\/en\/wp-json\/wp\/v2\/types\/page"}],"author":[{"embeddable":true,"href":"https:\/\/truckpoolen.se\/en\/wp-json\/wp\/v2\/users\/18"}],"replies":[{"embeddable":true,"href":"https:\/\/truckpoolen.se\/en\/wp-json\/wp\/v2\/comments?post=1638"}],"version-history":[{"count":0,"href":"https:\/\/truckpoolen.se\/en\/wp-json\/wp\/v2\/pages\/1638\/revisions"}],"wp:attachment":[{"href":"https:\/\/truckpoolen.se\/en\/wp-json\/wp\/v2\/media?parent=1638"}],"curies":[{"name":"wp","href":"https:\/\/api.w.org\/{rel}","templated":true}]}}