{"id":3325,"date":"2019-07-12T10:16:58","date_gmt":"2019-07-12T08:16:58","guid":{"rendered":"https:\/\/truckpoolen.se\/?page_id=3325"},"modified":"2019-07-23T11:09:22","modified_gmt":"2019-07-23T09:09:22","slug":"forklifts-for-you-near-torslanda-and-arendal","status":"publish","type":"page","link":"https:\/\/truckpoolen.se\/en\/forklifts-for-you-near-torslanda-and-arendal\/","title":{"rendered":"Forklifts for you near Torslanda and Arendal"},"content":{"rendered":"<p><div class=\"fusion-fullwidth fullwidth-box fusion-builder-row-1 nonhundred-percent-fullwidth non-hundred-percent-height-scrolling fusion-equal-height-columns\" style=\"background-color: rgba(255,255,255,0);background-position: center center;background-repeat: no-repeat;padding-top:0px;padding-right:0px;padding-bottom:0px;padding-left:0px;margin-bottom: 20px;margin-top: 0px;border-width: 0px 0px 0px 0px;border-color:#eae9e9;border-style:solid;\" ><div class=\"fusion-builder-row fusion-row\"><div class=\"fusion-layout-column fusion_builder_column fusion-builder-column-0 fusion_builder_column_1_1 1_1 fusion-one-full fusion-column-first fusion-column-last fusion-column-no-min-height\" style=\"margin-top:0px;margin-bottom:0px;\"><div class=\"fusion-column-wrapper fusion-flex-column-wrapper-legacy\" style=\"background-position:left top;background-repeat:no-repeat;-webkit-background-size:cover;-moz-background-size:cover;-o-background-size:cover;background-size:cover;padding: 0px 0px 0px 0px;\"><div class=\"fusion-text fusion-text-1\"><p class=\"custom-rub\">Forklifts for you near Torslanda and Arendal<\/p>\n<\/div><div class=\"fusion-clearfix\"><\/div><\/div><\/div><div class=\"fusion-layout-column fusion_builder_column fusion-builder-column-1 fusion_builder_column_3_4 3_4 fusion-three-fourth fusion-column-first fusion-column-no-min-height\" style=\"width:74%; margin-right: 4%;margin-top:0px;margin-bottom:0px;\"><div class=\"fusion-column-wrapper fusion-flex-column-wrapper-legacy\" style=\"background-position:left top;background-repeat:no-repeat;-webkit-background-size:cover;-moz-background-size:cover;-o-background-size:cover;background-size:cover;padding: 0px 0px 20px 0px;\"><style type=\"text\/css\"><\/style><div class=\"fusion-title title fusion-title-1 fusion-sep-none fusion-title-text fusion-title-size-one\" style=\"margin-top:0px;margin-right:0px;margin-bottom:10px;margin-left:0px;\"><h1 class=\"title-heading-left\" style=\"margin:0;\"><p class=\"p1\"><span class=\"s1\">Truckpoolen G\u00f6teborg AB &#8211; forklifts &amp; loaders<\/span><\/p><\/h1><\/div><div class=\"fusion-clearfix\"><\/div><\/div><\/div><div class=\"fusion-layout-column fusion_builder_column fusion-builder-column-2 fusion_builder_column_2_5 2_5 fusion-two-fifth fusion-column-first\" style=\"width:40%;width:calc(40% - ( ( 4% ) * 0.4 ) );margin-right: 4%;margin-top:0px;margin-bottom:0px;\"><div class=\"fusion-column-wrapper fusion-flex-column-wrapper-legacy\" style=\"background-position:left top;background-repeat:no-repeat;-webkit-background-size:cover;-moz-background-size:cover;-o-background-size:cover;background-size:cover;padding: 0px 0px 80px 0px;\"><div class=\"fusion-text fusion-text-2\"><p class=\"p1\">We offer forklifts and loaders in different specifications and for different purposes. We have almost 200 forklifts in our fleet, from the pallet lifts to 45-ton Reach stackers. We are used to special solutions and offer rentals both with and without drivers.<\/p>\n<\/div><div class=\"fusion-text fusion-text-3\"><p class=\"p1\"><span class=\"s1\">Truckpoolen G\u00f6teborg AB is located in Arendal&#8217;s industrial area in Gothenburg. Near us you will find, among other things, the Port of Gothenburg, SKF and refineries such as Preem and ST1.<\/span><\/p>\n<p class=\"p1\"><span class=\"s1\">Our location also means that we have close cooperation with several subcontractors for Volvo Torslanda and Volvo Tuve. We have our own access cards to many areas and can deliver the machine to you, even if you work inside the gates.<\/span><\/p>\n<\/div><div class=\"fusion-text fusion-text-4\"><p class=\"p1\"><span class=\"s1\">Our fleet is flexible and we have many forklifts with special dimensions and special lift heights. If the truck&#8217;s design needs to be adjusted, our wide range of accessories and equipment allows us to assemble the exact forklifts you need.<\/span><\/p>\n<\/div><div class=\"fusion-text fusion-text-5\"><\/div><div class=\"fusion-clearfix\"><\/div><\/div><\/div><div class=\"fusion-layout-column fusion_builder_column fusion-builder-column-3 fusion_builder_column_3_5 3_5 fusion-three-fifth fusion-column-last\" style=\"width:60%;width:calc(60% - ( ( 4% ) * 0.6 ) );margin-top:0px;margin-bottom:0px;\" id=\"pic-subpage\"><div class=\"fusion-column-wrapper fusion-flex-column-wrapper-legacy\" style=\"background-image: url(&#039;https:\/\/truckpoolen.se\/wp-content\/uploads\/MG_2849.jpg&#039;);background-position:center center;background-repeat:no-repeat;-webkit-background-size:cover;-moz-background-size:cover;-o-background-size:cover;background-size:cover;padding: 0px 0px 0px 0px;\" data-bg-url=\"https:\/\/truckpoolen.se\/wp-content\/uploads\/MG_2849.jpg\"><div class=\"fusion-clearfix\"><\/div><\/div><\/div><\/div><\/div><div class=\"fusion-fullwidth fullwidth-box fusion-builder-row-2 nonhundred-percent-fullwidth non-hundred-percent-height-scrolling fusion-equal-height-columns\" style=\"background-color: rgba(255,255,255,0);background-position: center center;background-repeat: no-repeat;padding-top:0px;padding-right:0px;padding-bottom:0px;padding-left:0px;margin-bottom: 0px;margin-top: 50px;border-width: 0px 0px 0px 0px;border-color:#eae9e9;border-style:solid;\" ><div class=\"fusion-builder-row fusion-row\"><div class=\"fusion-layout-column fusion_builder_column fusion-builder-column-4 fusion_builder_column_1_2 1_2 fusion-one-half fusion-column-first minus-top\" style=\"width:50%;width:calc(50% - ( ( 16px ) * 0.5 ) );margin-right: 16px;margin-top:0px;margin-bottom:20px;\"><div class=\"fusion-column-wrapper fusion-flex-column-wrapper-legacy\" style=\"background-position:left top;background-repeat:no-repeat;-webkit-background-size:cover;-moz-background-size:cover;-o-background-size:cover;background-size:cover;background-color:#e3efef;padding: 25px 25px 25px 25px;\"><div class=\"fusion-text fusion-text-6\"><p class=\"custom-rub\">Contact us<\/p>\n<\/div><div class=\"fusion-text fusion-text-7\"><p class=\"p1\"><span class=\"s1\">We often have the opportunity to go out to the workplace and consult with you before delivery to ensure that you get the right forklifts for the job.<\/span><\/p>\n<p class=\"p1\"><span class=\"s1\">We collaborate with several of the large forklifts manufacturers and are brand-independent. We can therefore offer you the\u00a0forklifts\u00a0that best suits your needs, regardless of brand.<\/span><\/p>\n<\/div><div class=\"fusion-builder-row fusion-builder-row-inner fusion-row\"><div class=\"fusion-layout-column fusion_builder_column_inner fusion-builder-nested-column-0 fusion_builder_column_inner_1_4 1_4 fusion-one-fourth fusion-column-first fusion-column-no-min-height\" style=\"width:25%;width:calc(25% - ( ( 40px ) * 0.25 ) );margin-right: 40px;margin-top:0px;margin-bottom:0px;\" id=\"service-icon-subpage\"><div class=\"fusion-column-wrapper fusion-flex-column-wrapper-legacy\" style=\"background-position:left top;background-repeat:no-repeat;-webkit-background-size:cover;-moz-background-size:cover;-o-background-size:cover;background-size:cover;padding: 0px 0px 0px 0px;\"><span class=\"fusion-imageframe imageframe-none imageframe-1 hover-type-none\" style=\"margin-right:25px;float:left;\" id=\"service-icon\"><img fetchpriority=\"high\" decoding=\"async\" width=\"1398\" height=\"1398\" alt=\"Ikon med verktyg f\u00f6r truckservice. Professionell truckreparation och underh\u00e5ll i G\u00f6teborg.\" title=\"service icon\" src=\"https:\/\/truckpoolen.se\/wp-content\/uploads\/service-icon.png\" class=\"img-responsive wp-image-3541\" srcset=\"https:\/\/truckpoolen.se\/wp-content\/uploads\/service-icon-200x200.png 200w, https:\/\/truckpoolen.se\/wp-content\/uploads\/service-icon-400x400.png 400w, https:\/\/truckpoolen.se\/wp-content\/uploads\/service-icon-600x600.png 600w, https:\/\/truckpoolen.se\/wp-content\/uploads\/service-icon-800x800.png 800w, https:\/\/truckpoolen.se\/wp-content\/uploads\/service-icon-1200x1200.png 1200w, https:\/\/truckpoolen.se\/wp-content\/uploads\/service-icon.png 1398w\" sizes=\"(max-width: 1000px) 100vw, 400px\" \/><\/span><div class=\"fusion-clearfix\"><\/div><\/div><\/div><div class=\"fusion-layout-column fusion_builder_column_inner fusion-builder-nested-column-1 fusion_builder_column_inner_3_4 3_4 fusion-three-fourth fusion-column-last fusion-column-no-min-height\" style=\"width:75%;width:calc(75% - ( ( 40px ) * 0.75 ) );margin-top:0px;margin-bottom:0px;\" id=\"service-text-start-id\"><div class=\"fusion-column-wrapper fusion-flex-column-wrapper-legacy\" style=\"background-position:left top;background-repeat:no-repeat;-webkit-background-size:cover;-moz-background-size:cover;-o-background-size:cover;background-size:cover;padding: 0px 0px 0px 0px;\"><div class=\"fusion-text fusion-text-8\"><h2>We can offer you<\/h2>\n<ul>\n<li>Telescopic loaders<\/li>\n<li>Tug masters \/ Tow tractors<\/li>\n<li>Diesel forklifts<\/li>\n<li>Electric forklifts<\/li>\n<li>Forklifts for loading and unloading inside containers (up to 8 tons)<\/li>\n<li>Reach forklifts<\/li>\n<li>Pallet stacker<\/li>\n<li>Scissor lift and boom lift<\/li>\n<li>Reach Stacker<\/li>\n<li>Wheel loaders<\/li>\n<\/ul>\n<\/div><div class=\"fusion-text fusion-text-9\"><p style=\"font-size: 34px; line-height: 1em; font-family: 'Saira Condensed', Arial, Helvetica, sans-serif;\"><a style=\"color: #114e7d;\" href=\"tel:+4631508190\">+46 31-50 81 90<\/a><\/p>\n<\/div><div class=\"fusion-clearfix\"><\/div><\/div><\/div><\/div><div class=\"fusion-clearfix\"><\/div><\/div><\/div><div class=\"fusion-layout-column fusion_builder_column fusion-builder-column-5 fusion_builder_column_1_2 1_2 fusion-one-half fusion-column-last minus-top\" style=\"width:50%;width:calc(50% - ( ( 16px ) * 0.5 ) );margin-top:0px;margin-bottom:20px;\"><div class=\"fusion-column-wrapper fusion-flex-column-wrapper-legacy\" style=\"background-position:left top;background-repeat:no-repeat;-webkit-background-size:cover;-moz-background-size:cover;-o-background-size:cover;background-size:cover;background-color:#e3efef;padding: 25px 25px 25px 25px;\"><div class=\"fusion-text fusion-text-10\"><h2>Give us a call<\/h2>\n<p class=\"p1\"><span class=\"s1\">We update our machine park regularly and most of our diesel\u00a0forklifts\u00a0have environmentally-rated engines. For indoor work, a particulate filter is easily mounted.<\/span><\/p>\n<p class=\"p1\"><span class=\"s1\">Please contact us in the contact form below or give us a call<\/span><\/p>\n\n<div class=\"wpcf7 no-js\" id=\"wpcf7-f3341-o1\" lang=\"sv-SE\" dir=\"ltr\" data-wpcf7-id=\"3341\">\n<div class=\"screen-reader-response\"><p role=\"status\" aria-live=\"polite\" aria-atomic=\"true\"><\/p> <ul><\/ul><\/div>\n<form action=\"\/en\/wp-json\/wp\/v2\/pages\/3325#wpcf7-f3341-o1\" method=\"post\" class=\"wpcf7-form init\" aria-label=\"Kontaktformul\u00e4r\" novalidate=\"novalidate\" data-status=\"init\" data-trp-original-action=\"\/en\/wp-json\/wp\/v2\/pages\/3325#wpcf7-f3341-o1\">\n<fieldset class=\"hidden-fields-container\"><input type=\"hidden\" name=\"_wpcf7\" value=\"3341\" \/><input type=\"hidden\" name=\"_wpcf7_version\" value=\"6.1.5\" \/><input type=\"hidden\" name=\"_wpcf7_locale\" value=\"sv_SE\" \/><input type=\"hidden\" name=\"_wpcf7_unit_tag\" value=\"wpcf7-f3341-o1\" \/><input type=\"hidden\" name=\"_wpcf7_container_post\" value=\"0\" \/><input type=\"hidden\" name=\"_wpcf7_posted_data_hash\" value=\"\" \/><input type=\"hidden\" name=\"_wpcf7_recaptcha_response\" value=\"\" \/>\n<\/fieldset>\n<p><span class=\"wpcf7-form-control-wrap\" data-name=\"name-2\"><input size=\"40\" maxlength=\"400\" class=\"wpcf7-form-control wpcf7-text wpcf7-validates-as-required\" aria-required=\"true\" aria-invalid=\"false\" placeholder=\"*Name\" value=\"\" type=\"text\" name=\"name-2\" \/><\/span>\n<\/p>\n<p><span class=\"wpcf7-form-control-wrap\" data-name=\"email-2\"><input size=\"40\" maxlength=\"400\" class=\"wpcf7-form-control wpcf7-email wpcf7-validates-as-required wpcf7-text wpcf7-validates-as-email\" aria-required=\"true\" aria-invalid=\"false\" placeholder=\"*Email\" value=\"\" type=\"email\" name=\"email-2\" \/><\/span>\n<\/p>\n<p><span class=\"wpcf7-form-control-wrap\" data-name=\"tel-2\"><input size=\"40\" maxlength=\"400\" class=\"wpcf7-form-control wpcf7-tel wpcf7-validates-as-required wpcf7-text wpcf7-validates-as-tel\" aria-required=\"true\" aria-invalid=\"false\" placeholder=\"*Phone\" value=\"\" type=\"tel\" name=\"tel-2\" \/><\/span>\n<\/p>\n<p><span class=\"wpcf7-form-control-wrap\" data-name=\"textarea-2\"><textarea cols=\"40\" rows=\"10\" maxlength=\"2000\" class=\"wpcf7-form-control wpcf7-textarea\" aria-invalid=\"false\" placeholder=\"Write your message\" name=\"textarea-2\"><\/textarea><\/span>\n<\/p>\n<p>By clicking the \"Send\" button, you consent to Truckpoolen storing your contact information.\n<\/p>\n<p><span id=\"wpcf7-69f3457049224-wrapper\" class=\"wpcf7-form-control-wrap honniing-4-wrap\" ><label for=\"wpcf7-69f3457049224-field\" class=\"hp-message\">L\u00e4mna detta f\u00e4lt tomt.<\/label><input id=\"wpcf7-69f3457049224-field\"  class=\"wpcf7-form-control wpcf7-text\" type=\"text\" name=\"honniing-4\" value=\"\" size=\"40\" tabindex=\"-1\" autocomplete=\"new-password\" \/><\/span>\n<\/p>\n\n<p><input class=\"wpcf7-form-control wpcf7-submit has-spinner\" type=\"submit\" value=\"Send\" \/>\n<\/p><div class=\"fusion-alert alert custom alert-custom fusion-alert-center wpcf7-response-output fusion-alert-capitalize alert-dismissable\" style=\"border-width:1px;\"><button type=\"button\" class=\"close toggle-alert\" data-dismiss=\"alert\" aria-hidden=\"true\">\u00d7<\/button><div class=\"fusion-alert-content-wrapper\"><span class=\"fusion-alert-content\"><\/span><\/div><\/div>\n<input type=\"hidden\" name=\"trp-form-language\" value=\"en\"\/><\/form>\n<\/div>\n\n<\/div><div class=\"fusion-clearfix\"><\/div><\/div><\/div><\/div><\/div><\/p>","protected":false},"excerpt":{"rendered":"","protected":false},"author":18,"featured_media":0,"parent":0,"menu_order":0,"comment_status":"closed","ping_status":"closed","template":"","meta":{"footnotes":""},"class_list":["post-3325","page","type-page","status-publish","hentry"],"_links":{"self":[{"href":"https:\/\/truckpoolen.se\/en\/wp-json\/wp\/v2\/pages\/3325","targetHints":{"allow":["GET"]}}],"collection":[{"href":"https:\/\/truckpoolen.se\/en\/wp-json\/wp\/v2\/pages"}],"about":[{"href":"https:\/\/truckpoolen.se\/en\/wp-json\/wp\/v2\/types\/page"}],"author":[{"embeddable":true,"href":"https:\/\/truckpoolen.se\/en\/wp-json\/wp\/v2\/users\/18"}],"replies":[{"embeddable":true,"href":"https:\/\/truckpoolen.se\/en\/wp-json\/wp\/v2\/comments?post=3325"}],"version-history":[{"count":0,"href":"https:\/\/truckpoolen.se\/en\/wp-json\/wp\/v2\/pages\/3325\/revisions"}],"wp:attachment":[{"href":"https:\/\/truckpoolen.se\/en\/wp-json\/wp\/v2\/media?parent=3325"}],"curies":[{"name":"wp","href":"https:\/\/api.w.org\/{rel}","templated":true}]}}