{"id":4158,"date":"2024-10-25T15:04:06","date_gmt":"2024-10-25T13:04:06","guid":{"rendered":"https:\/\/truckpoolen.se\/?page_id=4158"},"modified":"2024-11-05T10:01:39","modified_gmt":"2024-11-05T09:01:39","slug":"tunga-lyft","status":"publish","type":"page","link":"https:\/\/truckpoolen.se\/en\/tunga-lyft\/","title":{"rendered":"Tunga lyft"},"content":{"rendered":"<div class=\"fusion-fullwidth fullwidth-box fusion-builder-row-1 nonhundred-percent-fullwidth non-hundred-percent-height-scrolling\" style=\"background-color: rgba(255,255,255,0);background-position: center center;background-repeat: no-repeat;padding-top:0px;padding-right:0px;padding-bottom:0px;padding-left:0px;margin-bottom: 0px;margin-top: 0px;border-width: 0px 0px 0px 0px;border-color:#eae9e9;border-style:solid;\" ><div class=\"fusion-builder-row fusion-row\"><div class=\"fusion-layout-column fusion_builder_column fusion-builder-column-0 fusion_builder_column_2_3 2_3 fusion-two-third fusion-column-first\" style=\"width:66.666666666667%;width:calc(66.666666666667% - ( ( 4% ) * 0.66666666666667 ) );margin-right: 4%;margin-top:0px;margin-bottom:20px;\"><div class=\"fusion-column-wrapper fusion-flex-column-wrapper-legacy\" style=\"background-position:left top;background-repeat:no-repeat;-webkit-background-size:cover;-moz-background-size:cover;-o-background-size:cover;background-size:cover;padding: 0px 0px 0px 0px;\"><div class=\"fusion-text fusion-text-1\"><p class=\"custom-rub\">Tunga lyft<\/p>\n<\/div><style type=\"text\/css\"><\/style><div class=\"fusion-title title fusion-title-1 fusion-sep-none fusion-title-text fusion-title-size-one\" style=\"margin-top:0px;margin-right:0px;margin-bottom:10px;margin-left:0px;\"><h1 class=\"title-heading-left\" style=\"margin:0;\">Riktigt tunga lyft sk\u00f6ts med riktigt tunga truckar<\/h1><\/div><div class=\"fusion-text fusion-text-2\"><p>P\u00e5 Truckpoolen hj\u00e4lper vi er med tunga lyft p\u00e5 ett s\u00e4kert och effektivt s\u00e4tt. Vi vet att det kr\u00e4vs r\u00e4tt utrustning och kunskap f\u00f6r att hantera tungt gods, och d\u00e4rf\u00f6r har vi m\u00e5nga olika tunga truckar som kan klara de mest kr\u00e4vande jobben. Oavsett om ni beh\u00f6ver lyfta betongblock, st\u00e5lbalkar eller containers har vi den utrustning och erfarenhet som beh\u00f6vs f\u00f6r att g\u00f6ra jobbet.<\/p>\n<p>Vi hyr ut truckar som ni kan anpassa efter era behov samt hyra dem med eller utan f\u00f6rare. Ni kan v\u00e4lja att hyra trucken med en erfaren f\u00f6rare fr\u00e5n oss, eller anv\u00e4nda er egen personal. Vi ser till att ni f\u00e5r den l\u00f6sning som b\u00e4st uppfyller era krav. Dessutom kan truckarna hyras med olika tillbeh\u00f6r f\u00f6r att underl\u00e4tta och anpassa arbetet efter era specifika behov<\/p>\n<p>En av v\u00e5ra popul\u00e4raste val f\u00f6r tunga lyft \u00e4r dieseltruckarna. Dessa truckar \u00e4r byggda f\u00f6r att hantera stora laster under l\u00e5ng tid och \u00e4r l\u00e4mpliga f\u00f6r m\u00e5nga olika industrier. Ni kan k\u00e4nna er trygga med att v\u00e5ra dieseltruckar lever upp till alla s\u00e4kerhets- och kvalitetskrav. Vi erbjuder ocks\u00e5 containerg\u00e5ende truckar f\u00f6r uppdrag d\u00e4r ni beh\u00f6ver stapla eller flytta m\u00e5nga containers.<\/p>\n<h2 aria-level=\"3\">Truckar vi anv\u00e4nder<\/h2>\n<p><span data-contrast=\"auto\">Vi har flera olika truckar f\u00f6r att m\u00f6ta era behov vid tunga lyft. N\u00e5gra av v\u00e5ra truckar \u00e4r:<\/span><span data-ccp-props=\"{&quot;134233117&quot;:false,&quot;134233118&quot;:false,&quot;335559738&quot;:240,&quot;335559739&quot;:240}\">\u00a0<\/span><\/p>\n<\/div><div class=\"fusion-builder-row fusion-builder-row-inner fusion-row\"><div class=\"fusion-layout-column fusion_builder_column_inner fusion-builder-nested-column-0 fusion_builder_column_inner_1_3 1_3 fusion-one-third fusion-column-first\" style=\"width:33.333333333333%;width:calc(33.333333333333% - ( ( 4% ) * 0.33333333333333 ) );margin-right: 4%;margin-top:0px;margin-bottom:20px;\"><div class=\"fusion-column-wrapper fusion-flex-column-wrapper-legacy\" style=\"background-position:left top;background-repeat:no-repeat;-webkit-background-size:cover;-moz-background-size:cover;-o-background-size:cover;background-size:cover;padding: 0px 0px 0px 0px;\"><span class=\"fusion-imageframe imageframe-none imageframe-1 hover-type-none\"><img fetchpriority=\"high\" decoding=\"async\" width=\"1000\" height=\"650\" alt=\"Dieseltruck med 15 till 16 tons lyftkapacitet.\" title=\"Dieseltruck 15-16 ton\" src=\"https:\/\/truckpoolen.se\/wp-content\/uploads\/Truck_15-16ton.png\" class=\"img-responsive wp-image-3085\" srcset=\"https:\/\/truckpoolen.se\/wp-content\/uploads\/Truck_15-16ton-200x130.png 200w, https:\/\/truckpoolen.se\/wp-content\/uploads\/Truck_15-16ton-400x260.png 400w, https:\/\/truckpoolen.se\/wp-content\/uploads\/Truck_15-16ton-600x390.png 600w, https:\/\/truckpoolen.se\/wp-content\/uploads\/Truck_15-16ton-800x520.png 800w, https:\/\/truckpoolen.se\/wp-content\/uploads\/Truck_15-16ton.png 1000w\" sizes=\"(max-width: 1000px) 100vw, 600px\" \/><\/span><div class=\"fusion-clearfix\"><\/div><\/div><\/div><div class=\"fusion-layout-column fusion_builder_column_inner fusion-builder-nested-column-1 fusion_builder_column_inner_2_3 2_3 fusion-two-third fusion-column-last\" style=\"width:66.666666666667%;width:calc(66.666666666667% - ( ( 4% ) * 0.66666666666667 ) );margin-top:0px;margin-bottom:20px;\"><div class=\"fusion-column-wrapper fusion-flex-column-wrapper-legacy\" style=\"background-position:left top;background-repeat:no-repeat;-webkit-background-size:cover;-moz-background-size:cover;-o-background-size:cover;background-size:cover;padding: 0px 0px 0px 0px;\"><div class=\"fusion-text fusion-text-3\"><h3><span class=\"TextRun SCXW194106842 BCX0\" lang=\"SV-SE\" xml:lang=\"SV-SE\" data-contrast=\"auto\"><span class=\"NormalTextRun SCXW194106842 BCX0\">Forklift 15 -16 tons<\/span><\/span><span class=\"TextRun SCXW194106842 BCX0\" lang=\"SV-SE\" xml:lang=\"SV-SE\" data-contrast=\"auto\"><span class=\"NormalTextRun SCXW194106842 BCX0\">\u00a0<\/span><\/span><\/h3>\n<p><span class=\"TextRun SCXW194106842 BCX0\" lang=\"SV-SE\" xml:lang=\"SV-SE\" data-contrast=\"auto\"><span class=\"NormalTextRun SCXW194106842 BCX0\">Den h\u00e4r trucken passar bra f\u00f6r medeltunga till tyngre lyft. Med <\/span><span class=\"NormalTextRun SCXW194106842 BCX0\">kapacitet<\/span><span class=\"NormalTextRun SCXW194106842 BCX0\"> mellan 15 och 16 ton som n\u00e5r en h\u00f6jd p\u00e5 4200 mm. Den har ocks\u00e5 ett <\/span><span class=\"NormalTextRun SpellingErrorV2Themed SCXW194106842 BCX0\">frilyft<\/span><span class=\"NormalTextRun SCXW194106842 BCX0\"> p\u00e5 1200 mm, vilket g\u00f6r att ni kan lyfta utan att \u00f6ka maskinens h\u00f6jd.<\/span><\/span><span class=\"EOP SCXW194106842 BCX0\" data-ccp-props=\"{&quot;134233117&quot;:false,&quot;134233118&quot;:false,&quot;335559738&quot;:240,&quot;335559739&quot;:240}\">\u00a0<\/span><\/p>\n<\/div><div class=\"fusion-button-wrapper\"><style type=\"text\/css\">.fusion-button.button-1 {border-radius:25px;}<\/style><a class=\"fusion-button button-flat fusion-button-default-size button-default button-1 fusion-button-default-span fusion-button-default-type\" target=\"_self\" href=\"https:\/\/truckpoolen.se\/en\/truck-15-16-ton\/\"><span class=\"fusion-button-text\">Till trucken<\/span><\/a><\/div><div class=\"fusion-clearfix\"><\/div><\/div><\/div><\/div><div class=\"fusion-builder-row fusion-builder-row-inner fusion-row\"><div class=\"fusion-layout-column fusion_builder_column_inner fusion-builder-nested-column-2 fusion_builder_column_inner_1_3 1_3 fusion-one-third fusion-column-first\" style=\"width:33.333333333333%;width:calc(33.333333333333% - ( ( 4% ) * 0.33333333333333 ) );margin-right: 4%;margin-top:0px;margin-bottom:20px;\"><div class=\"fusion-column-wrapper fusion-flex-column-wrapper-legacy\" style=\"background-position:left top;background-repeat:no-repeat;-webkit-background-size:cover;-moz-background-size:cover;-o-background-size:cover;background-size:cover;padding: 0px 0px 0px 0px;\"><span class=\"fusion-imageframe imageframe-none imageframe-2 hover-type-none\"><img decoding=\"async\" width=\"1000\" height=\"650\" alt=\"Dieseltruck med 25 tons lyftkapacitet.\" title=\"Dieseltruck 25 ton\" src=\"https:\/\/truckpoolen.se\/wp-content\/uploads\/Truck25_1000px.png\" class=\"img-responsive wp-image-2244\" srcset=\"https:\/\/truckpoolen.se\/wp-content\/uploads\/Truck25_1000px-200x130.png 200w, https:\/\/truckpoolen.se\/wp-content\/uploads\/Truck25_1000px-400x260.png 400w, https:\/\/truckpoolen.se\/wp-content\/uploads\/Truck25_1000px-600x390.png 600w, https:\/\/truckpoolen.se\/wp-content\/uploads\/Truck25_1000px-800x520.png 800w, https:\/\/truckpoolen.se\/wp-content\/uploads\/Truck25_1000px.png 1000w\" sizes=\"(max-width: 1000px) 100vw, 600px\" \/><\/span><div class=\"fusion-clearfix\"><\/div><\/div><\/div><div class=\"fusion-layout-column fusion_builder_column_inner fusion-builder-nested-column-3 fusion_builder_column_inner_2_3 2_3 fusion-two-third fusion-column-last\" style=\"width:66.666666666667%;width:calc(66.666666666667% - ( ( 4% ) * 0.66666666666667 ) );margin-top:0px;margin-bottom:20px;\"><div class=\"fusion-column-wrapper fusion-flex-column-wrapper-legacy\" style=\"background-position:left top;background-repeat:no-repeat;-webkit-background-size:cover;-moz-background-size:cover;-o-background-size:cover;background-size:cover;padding: 0px 0px 0px 0px;\"><div class=\"fusion-text fusion-text-4\"><h3><span class=\"TextRun SCXW25497272 BCX0\" lang=\"SV-SE\" xml:lang=\"SV-SE\" data-contrast=\"auto\"><span class=\"NormalTextRun SCXW25497272 BCX0\">Truck 25 tons<\/span><\/span><\/h3>\n<p><span class=\"NormalTextRun SCXW25497272 BCX0\">Den h\u00e4r trucken \u00e4r bra f\u00f6r att lyfta<\/span><span class=\"NormalTextRun SCXW25497272 BCX0\"> olika typer av<\/span><span class=\"NormalTextRun SCXW25497272 BCX0\"> gods, containers, betong och st\u00e5lbalkar. Den kan lyfta upp till 25 ton och n\u00e5r en h\u00f6jd p\u00e5 4000 mm. Ni kan hyra trucken med eller utan f\u00f6rare och anpassa den med olika tillbeh\u00f6r.<\/span><\/p>\n<\/div><div class=\"fusion-button-wrapper\"><style type=\"text\/css\">.fusion-button.button-2 {border-radius:25px;}<\/style><a class=\"fusion-button button-flat fusion-button-default-size button-default button-2 fusion-button-default-span fusion-button-default-type\" target=\"_self\" href=\"https:\/\/truckpoolen.se\/en\/truck-25-ton\/\"><span class=\"fusion-button-text\">Till trucken<\/span><\/a><\/div><div class=\"fusion-clearfix\"><\/div><\/div><\/div><\/div><div class=\"fusion-builder-row fusion-builder-row-inner fusion-row\"><div class=\"fusion-layout-column fusion_builder_column_inner fusion-builder-nested-column-4 fusion_builder_column_inner_1_3 1_3 fusion-one-third fusion-column-first\" style=\"width:33.333333333333%;width:calc(33.333333333333% - ( ( 4% ) * 0.33333333333333 ) );margin-right: 4%;margin-top:0px;margin-bottom:20px;\"><div class=\"fusion-column-wrapper fusion-flex-column-wrapper-legacy\" style=\"background-position:left top;background-repeat:no-repeat;-webkit-background-size:cover;-moz-background-size:cover;-o-background-size:cover;background-size:cover;padding: 0px 0px 0px 0px;\"><span class=\"fusion-imageframe imageframe-none imageframe-3 hover-type-none\"><img decoding=\"async\" width=\"1000\" height=\"650\" title=\"Truck370_1000px\" src=\"https:\/\/truckpoolen.se\/wp-content\/uploads\/Truck370_1000px.png\" class=\"img-responsive wp-image-1705\" srcset=\"https:\/\/truckpoolen.se\/wp-content\/uploads\/Truck370_1000px-200x130.png 200w, https:\/\/truckpoolen.se\/wp-content\/uploads\/Truck370_1000px-400x260.png 400w, https:\/\/truckpoolen.se\/wp-content\/uploads\/Truck370_1000px-600x390.png 600w, https:\/\/truckpoolen.se\/wp-content\/uploads\/Truck370_1000px-800x520.png 800w, https:\/\/truckpoolen.se\/wp-content\/uploads\/Truck370_1000px.png 1000w\" sizes=\"(max-width: 1000px) 100vw, 600px\" \/><\/span><div class=\"fusion-clearfix\"><\/div><\/div><\/div><div class=\"fusion-layout-column fusion_builder_column_inner fusion-builder-nested-column-5 fusion_builder_column_inner_2_3 2_3 fusion-two-third fusion-column-last\" style=\"width:66.666666666667%;width:calc(66.666666666667% - ( ( 4% ) * 0.66666666666667 ) );margin-top:0px;margin-bottom:20px;\"><div class=\"fusion-column-wrapper fusion-flex-column-wrapper-legacy\" style=\"background-position:left top;background-repeat:no-repeat;-webkit-background-size:cover;-moz-background-size:cover;-o-background-size:cover;background-size:cover;padding: 0px 0px 0px 0px;\"><div class=\"fusion-text fusion-text-5\"><h3><span class=\"TextRun SCXW33370922 BCX0\" lang=\"SV-SE\" xml:lang=\"SV-SE\" data-contrast=\"auto\"><span class=\"NormalTextRun SCXW33370922 BCX0\">Containerlyftare 45 ton<\/span><\/span><\/h3>\n<p><span class=\"TextRun SCXW33370922 BCX0\" lang=\"SV-SE\" xml:lang=\"SV-SE\" data-contrast=\"auto\"><span class=\"NormalTextRun SCXW33370922 BCX0\">Den h\u00e4r maskinen anv\u00e4nds f\u00f6r att stapla och hantera containers. Den kan lyfta upp till 45 ton och n\u00e5r en h\u00f6jd p\u00e5 <\/span><span class=\"NormalTextRun ContextualSpellingAndGrammarErrorV2Themed SCXW33370922 BCX0\">14090<\/span><span class=\"NormalTextRun SCXW33370922 BCX0\"> mm. Ni kan hyra den med eller utan f\u00f6rare, och den \u00e4r s\u00e4rskilt bra n\u00e4r m\u00e5nga containers beh\u00f6ver hanteras snabbt.<\/span><\/span><span class=\"EOP SCXW33370922 BCX0\" data-ccp-props=\"{&quot;134233117&quot;:false,&quot;134233118&quot;:false,&quot;335559738&quot;:240,&quot;335559739&quot;:240}\">\u00a0<\/span><\/p>\n<\/div><div class=\"fusion-button-wrapper\"><style type=\"text\/css\">.fusion-button.button-3 {border-radius:25px;}<\/style><a class=\"fusion-button button-flat fusion-button-default-size button-default button-3 fusion-button-default-span fusion-button-default-type\" target=\"_self\" href=\"https:\/\/truckpoolen.se\/en\/reach-stacker\/\"><span class=\"fusion-button-text\">Till trucken<\/span><\/a><\/div><div class=\"fusion-clearfix\"><\/div><\/div><\/div><\/div><div class=\"fusion-text fusion-text-6\"><h3 aria-level=\"3\"><b><span data-contrast=\"none\">Typer av arbeten som oftast utf\u00f6rs<\/span><\/b><span data-ccp-props=\"{&quot;134233117&quot;:false,&quot;134233118&quot;:false,&quot;134245418&quot;:true,&quot;134245529&quot;:true,&quot;335559738&quot;:281,&quot;335559739&quot;:281}\">\u00a0<\/span><\/h3>\n<p><span data-contrast=\"auto\">V\u00e5ra tunga truckar anv\u00e4nds inom bygg-, transport- och industrisektorerna. De \u00e4r ofta bra f\u00f6r att hantera byggmaterial som betongblock och st\u00e5lkonstruktioner, d\u00e4r det kr\u00e4vs h\u00f6g lyftkapacitet och stabilitet. Containerlyftarna anv\u00e4nds ofta i hamnar och av logistikf\u00f6retag som beh\u00f6ver lasta och lossa containers effektivt. V\u00e5ra truckar anv\u00e4nds ocks\u00e5 vid industriella projekt d\u00e4r tunga maskiner och delar m\u00e5ste flyttas.<\/span><span data-ccp-props=\"{&quot;134233117&quot;:false,&quot;134233118&quot;:false,&quot;335559738&quot;:240,&quot;335559739&quot;:240}\">\u00a0<\/span><\/p>\n<\/div><span class=\"fusion-imageframe imageframe-none imageframe-4 hover-type-none\"><img loading=\"lazy\" decoding=\"async\" width=\"849\" height=\"242\" title=\"karta-truckpoolen-g\u00f6teborg\" src=\"https:\/\/truckpoolen.se\/wp-content\/uploads\/karta-truckpoolen-goteborg.png\" class=\"img-responsive wp-image-4169\" srcset=\"https:\/\/truckpoolen.se\/wp-content\/uploads\/karta-truckpoolen-goteborg-200x57.png 200w, https:\/\/truckpoolen.se\/wp-content\/uploads\/karta-truckpoolen-goteborg-400x114.png 400w, https:\/\/truckpoolen.se\/wp-content\/uploads\/karta-truckpoolen-goteborg-600x171.png 600w, https:\/\/truckpoolen.se\/wp-content\/uploads\/karta-truckpoolen-goteborg-800x228.png 800w, https:\/\/truckpoolen.se\/wp-content\/uploads\/karta-truckpoolen-goteborg.png 849w\" sizes=\"auto, (max-width: 1000px) 100vw, 849px\" \/><\/span><div class=\"fusion-text fusion-text-7\"><p><span data-contrast=\"auto\">Truckpoolen \u00e4r baserat i G\u00f6teborg och dess omgivningar, men vi kan leverera alla typer av truckar till hela Sverige. Oavsett var ni befinner er, ser vi till att ni f\u00e5r den utrustning som passar era behov.<\/span><span data-ccp-props=\"{&quot;134233117&quot;:false,&quot;134233118&quot;:false,&quot;335551550&quot;:0,&quot;335551620&quot;:0,&quot;335559738&quot;:240,&quot;335559739&quot;:240}\">\u00a0<\/span><\/p>\n<p><span data-contrast=\"auto\">Sammanfattningsvis ser vi till att ni f\u00e5r de maskiner ni beh\u00f6ver f\u00f6r att genomf\u00f6ra era projekt p\u00e5 ett s\u00e4kert och effektivt s\u00e4tt. Om ni beh\u00f6ver mer information om v\u00e5ra truckar eller hj\u00e4lp med att hitta r\u00e4tt l\u00f6sning, tveka inte att kontakta oss. Vi hj\u00e4lper er g\u00e4rna med era lyft- och transportbehov.<\/span><span data-ccp-props=\"{&quot;134233117&quot;:false,&quot;134233118&quot;:false,&quot;335551550&quot;:0,&quot;335551620&quot;:0,&quot;335559738&quot;:240,&quot;335559739&quot;:240}\">\u00a0<\/span><\/p>\n<\/div><div class=\"fusion-clearfix\"><\/div><\/div><\/div><div class=\"fusion-layout-column fusion_builder_column fusion-builder-column-1 fusion_builder_column_1_3 1_3 fusion-one-third fusion-column-last minus-top\" style=\"width:33.333333333333%;width:calc(33.333333333333% - ( ( 4% ) * 0.33333333333333 ) );margin-top:0px;margin-bottom:20px;\"><div class=\"fusion-column-wrapper fusion-flex-column-wrapper-legacy\" style=\"background-position:left top;background-repeat:no-repeat;-webkit-background-size:cover;-moz-background-size:cover;-o-background-size:cover;background-size:cover;background-color:#e3efef;padding: 25px 25px 25px 25px;\"><div class=\"fusion-text fusion-text-8\"><h2 class=\"fusion-responsive-typography-calculated\" style=\"--fontsize: 34; line-height: 1.1;\" data-fontsize=\"34\" data-lineheight=\"37.4px\">\u00c4r du intresserad av att hyra en minikran?<\/h2>\n<p>Send us a message and we&#039;ll get back to you as soon as we can with a quote or for a consultation.<\/p>\n\n<div class=\"wpcf7 no-js\" id=\"wpcf7-f1170-o1\" lang=\"sv-SE\" dir=\"ltr\" data-wpcf7-id=\"1170\">\n<div class=\"screen-reader-response\"><p role=\"status\" aria-live=\"polite\" aria-atomic=\"true\"><\/p> <ul><\/ul><\/div>\n<form action=\"\/en\/wp-json\/wp\/v2\/pages\/4158#wpcf7-f1170-o1\" method=\"post\" class=\"wpcf7-form init\" aria-label=\"Kontaktformul\u00e4r\" novalidate=\"novalidate\" data-status=\"init\" data-trp-original-action=\"\/en\/wp-json\/wp\/v2\/pages\/4158#wpcf7-f1170-o1\">\n<fieldset class=\"hidden-fields-container\"><input type=\"hidden\" name=\"_wpcf7\" value=\"1170\" \/><input type=\"hidden\" name=\"_wpcf7_version\" value=\"6.1.5\" \/><input type=\"hidden\" name=\"_wpcf7_locale\" value=\"sv_SE\" \/><input type=\"hidden\" name=\"_wpcf7_unit_tag\" value=\"wpcf7-f1170-o1\" \/><input type=\"hidden\" name=\"_wpcf7_container_post\" value=\"0\" \/><input type=\"hidden\" name=\"_wpcf7_posted_data_hash\" value=\"\" \/><input type=\"hidden\" name=\"_wpcf7_recaptcha_response\" value=\"\" \/>\n<\/fieldset>\n<p><span class=\"wpcf7-form-control-wrap\" data-name=\"name-1\"><input size=\"40\" maxlength=\"400\" class=\"wpcf7-form-control wpcf7-text wpcf7-validates-as-required\" aria-required=\"true\" aria-invalid=\"false\" placeholder=\"*Enter your name\" value=\"\" type=\"text\" name=\"name-1\" \/><\/span>\n<\/p>\n<p><span class=\"wpcf7-form-control-wrap\" data-name=\"company-1\"><input size=\"40\" maxlength=\"400\" class=\"wpcf7-form-control wpcf7-text\" aria-invalid=\"false\" placeholder=\"Please enter company\" value=\"\" type=\"text\" name=\"company-1\" \/><\/span>\n<\/p>\n<p><span class=\"wpcf7-form-control-wrap\" data-name=\"email-1\"><input size=\"40\" maxlength=\"400\" class=\"wpcf7-form-control wpcf7-email wpcf7-validates-as-required wpcf7-text wpcf7-validates-as-email\" aria-required=\"true\" aria-invalid=\"false\" placeholder=\"*Please enter your e-mail\" value=\"\" type=\"email\" name=\"email-1\" \/><\/span>\n<\/p>\n<p><span class=\"wpcf7-form-control-wrap\" data-name=\"tel-1\"><input size=\"40\" maxlength=\"400\" class=\"wpcf7-form-control wpcf7-tel wpcf7-validates-as-required wpcf7-text wpcf7-validates-as-tel\" aria-required=\"true\" aria-invalid=\"false\" placeholder=\"*Please enter a phone number\" value=\"\" type=\"tel\" name=\"tel-1\" \/><\/span>\n<\/p>\n<p><span class=\"wpcf7-form-control-wrap\" data-name=\"textarea-1\"><textarea cols=\"40\" rows=\"10\" maxlength=\"2000\" class=\"wpcf7-form-control wpcf7-textarea\" aria-invalid=\"false\" placeholder=\"Write a message\" name=\"textarea-1\"><\/textarea><\/span>\n<\/p>\n<p>By pressing the \"Submit\" button, you are giving your consent for Truckpoolen will store your contact details.\n<\/p>\n<p><span id=\"wpcf7-69ea54eca29c6-wrapper\" class=\"wpcf7-form-control-wrap honniing-2-wrap\" ><label for=\"wpcf7-69ea54eca29c6-field\" class=\"hp-message\">L\u00e4mna detta f\u00e4lt tomt.<\/label><input id=\"wpcf7-69ea54eca29c6-field\"  class=\"wpcf7-form-control wpcf7-text\" type=\"text\" name=\"honniing-2\" value=\"\" size=\"40\" tabindex=\"-1\" autocomplete=\"new-password\" \/><\/span>\n<\/p>\n\n<p><input class=\"wpcf7-form-control wpcf7-submit has-spinner\" type=\"submit\" value=\"Submit\" \/>\n<\/p><div class=\"fusion-alert alert custom alert-custom fusion-alert-center wpcf7-response-output fusion-alert-capitalize alert-dismissable\" style=\"border-width:1px;\"><button type=\"button\" class=\"close toggle-alert\" data-dismiss=\"alert\" aria-hidden=\"true\">\u00d7<\/button><div class=\"fusion-alert-content-wrapper\"><span class=\"fusion-alert-content\"><\/span><\/div><\/div>\n<input type=\"hidden\" name=\"trp-form-language\" value=\"en\"\/><\/form>\n<\/div>\n\n<\/div><div class=\"fusion-sep-clear\"><\/div><div class=\"fusion-separator fusion-full-width-sep\" style=\"margin-left: auto;margin-right: auto;margin-top:10px;margin-bottom:10px;width:100%;\"><\/div><div class=\"fusion-sep-clear\"><\/div><div class=\"fusion-text fusion-text-9\"><p class=\"custom-rub\">Service &amp; repair<\/p>\n<\/div><div class=\"fusion-text fusion-text-10\"><h2>Beh\u00f6ver du reparation eller truckservice?<\/h2>\n<p>Vid akuta behov \u00e4r v\u00e5r v\u00e4lutbildade och serviceinriktade personal snabbt p\u00e5 plats med sina fullt utrustade servicebilar f\u00f6r att ge dig truckservice. Ring oss p\u00e5 f\u00f6ljande telefonnummer:<\/p>\n<\/div><div class=\"fusion-text fusion-text-11\"><p style=\"font-size: 2.2em; line-height: 1; font-family: 'Saira Condensed', Arial, Helvetica, sans-serif;\"><a style=\"color: #114e7d;\" href=\"tel:031508190\">031-50 81 90<\/a><\/p>\n<\/div><ul class=\"fusion-checklist fusion-checklist-1 infotext-product\" style=\"font-size:14px;line-height:23.8px;\"><li class=\"fusion-li-item\"><span style=\"background-color:rgba(255,255,255,0);font-size:12.32px;height:23.8px;width:23.8px;margin-right:9.8px;\" class=\"icon-wrapper circle-yes\"><i class=\"fusion-li-icon fa-angle-right fas\" style=\"color:#002b4b;\" aria-hidden=\"true\"><\/i><\/span><div class=\"fusion-li-item-content\" style=\"margin-left:33.6px;\">\r\n\r\nOther contact options: <a href=\"\/en\/kontakt\/#ringupp\">Please send us an e-mail<\/a>\u00a0so we will call you back.\r\n\r\n<\/div><\/li><\/ul><div class=\"fusion-sep-clear\"><\/div><div class=\"fusion-separator fusion-full-width-sep\" style=\"margin-left: auto;margin-right: auto;margin-top:10px;margin-bottom:5px;width:100%;\"><\/div><div class=\"fusion-sep-clear\"><\/div><div class=\"fusion-text fusion-text-12\"><p class=\"custom-rub\">Warehouse hotel<\/p>\n<\/div><div class=\"fusion-text fusion-text-13\"><h2>Storage and warehousing?<\/h2>\n<p>Truckpoolen can offer storage and warehousing of your products - whether it's for a day or several years. If you need temporary buffer storage when your own space is not enough, we are happy to help.<\/p>\n<\/div><div class=\"fusion-button-wrapper\"><style type=\"text\/css\">.fusion-button.button-4 {border-radius:25px;}<\/style><a class=\"fusion-button button-flat fusion-button-default-size button-default button-4 fusion-button-default-span fusion-button-default-type\" target=\"_self\" href=\"\/en\/lagerhotell\/\"><span class=\"fusion-button-text\">More information<\/span><\/a><\/div><div class=\"fusion-clearfix\"><\/div><\/div><\/div><\/div><\/div>","protected":false},"excerpt":{"rendered":"","protected":false},"author":19,"featured_media":4160,"parent":0,"menu_order":0,"comment_status":"closed","ping_status":"closed","template":"","meta":{"footnotes":""},"class_list":["post-4158","page","type-page","status-publish","has-post-thumbnail","hentry"],"_links":{"self":[{"href":"https:\/\/truckpoolen.se\/en\/wp-json\/wp\/v2\/pages\/4158","targetHints":{"allow":["GET"]}}],"collection":[{"href":"https:\/\/truckpoolen.se\/en\/wp-json\/wp\/v2\/pages"}],"about":[{"href":"https:\/\/truckpoolen.se\/en\/wp-json\/wp\/v2\/types\/page"}],"author":[{"embeddable":true,"href":"https:\/\/truckpoolen.se\/en\/wp-json\/wp\/v2\/users\/19"}],"replies":[{"embeddable":true,"href":"https:\/\/truckpoolen.se\/en\/wp-json\/wp\/v2\/comments?post=4158"}],"version-history":[{"count":0,"href":"https:\/\/truckpoolen.se\/en\/wp-json\/wp\/v2\/pages\/4158\/revisions"}],"wp:featuredmedia":[{"embeddable":true,"href":"https:\/\/truckpoolen.se\/en\/wp-json\/wp\/v2\/media\/4160"}],"wp:attachment":[{"href":"https:\/\/truckpoolen.se\/en\/wp-json\/wp\/v2\/media?parent=4158"}],"curies":[{"name":"wp","href":"https:\/\/api.w.org\/{rel}","templated":true}]}}