{"id":4405,"date":"2024-12-19T14:24:32","date_gmt":"2024-12-19T13:24:32","guid":{"rendered":"https:\/\/truckpoolen.se\/?page_id=4405"},"modified":"2024-12-19T14:25:18","modified_gmt":"2024-12-19T13:25:18","slug":"truckuthyrning-i-boras","status":"publish","type":"page","link":"https:\/\/truckpoolen.se\/en\/truckuthyrning-i-boras\/","title":{"rendered":"Truckuthyrning i Bor\u00e5s"},"content":{"rendered":"<p><div class=\"fusion-fullwidth fullwidth-box fusion-builder-row-1 fusion-flex-container nonhundred-percent-fullwidth non-hundred-percent-height-scrolling\" style=\"background-color: rgba(255,255,255,0);background-position: center center;background-repeat: no-repeat;border-width: 0px 0px 0px 0px;border-color:#eae9e9;border-style:solid;\" ><div class=\"fusion-builder-row fusion-row fusion-flex-align-items-flex-start\" style=\"max-width:1352px;margin-left: calc(-4% \/ 2 );margin-right: calc(-4% \/ 2 );\"><div class=\"fusion-layout-column fusion_builder_column fusion-builder-column-0 fusion_builder_column_1_1 1_1 fusion-flex-column\"><div class=\"fusion-column-wrapper fusion-flex-justify-content-flex-start fusion-content-layout-column\" style=\"background-position:left top;background-repeat:no-repeat;-webkit-background-size:cover;-moz-background-size:cover;-o-background-size:cover;background-size:cover;padding: 0px 0px 0px 0px;\"><div ><span class=\"fusion-imageframe imageframe-none imageframe-1 hover-type-none\" style=\"margin-top:-110px;\"><img fetchpriority=\"high\" decoding=\"async\" width=\"2000\" height=\"670\" alt=\"Lastkaj vid industri. Truckuthyrning i Bor\u00e5s f\u00f6r effektiv logistik och materialhantering.\" title=\"truckuthydning-bor\u00e5s-truckpoolen\" src=\"https:\/\/truckpoolen.se\/wp-content\/uploads\/truckuthydning-boras-truckpoolen-scaled-e1734613745358.webp\" class=\"img-responsive wp-image-4408\" srcset=\"https:\/\/truckpoolen.se\/wp-content\/uploads\/truckuthydning-boras-truckpoolen-scaled-e1734613745358-18x6.webp 18w, https:\/\/truckpoolen.se\/wp-content\/uploads\/truckuthydning-boras-truckpoolen-scaled-e1734613745358-200x67.webp 200w, https:\/\/truckpoolen.se\/wp-content\/uploads\/truckuthydning-boras-truckpoolen-scaled-e1734613745358-400x134.webp 400w, https:\/\/truckpoolen.se\/wp-content\/uploads\/truckuthydning-boras-truckpoolen-scaled-e1734613745358-600x201.webp 600w, https:\/\/truckpoolen.se\/wp-content\/uploads\/truckuthydning-boras-truckpoolen-scaled-e1734613745358-768x257.webp 768w, https:\/\/truckpoolen.se\/wp-content\/uploads\/truckuthydning-boras-truckpoolen-scaled-e1734613745358-800x268.webp 800w, https:\/\/truckpoolen.se\/wp-content\/uploads\/truckuthydning-boras-truckpoolen-scaled-e1734613745358-1200x402.webp 1200w, https:\/\/truckpoolen.se\/wp-content\/uploads\/truckuthydning-boras-truckpoolen-scaled-e1734613745358-1536x515.webp 1536w, https:\/\/truckpoolen.se\/wp-content\/uploads\/truckuthydning-boras-truckpoolen-scaled-e1734613745358.webp 2000w\" sizes=\"(max-width: 1024px) 100vw, (max-width: 640px) 100vw, 2000px\" \/><\/span><\/div><\/div><style type=\"text\/css\">.fusion-body .fusion-builder-column-0{width:100% !important;margin-top : 0px;margin-bottom : 20px;}.fusion-builder-column-0 > .fusion-column-wrapper {padding-top : 0px !important;padding-right : 0px !important;margin-right : 1.92%;padding-bottom : 0px !important;padding-left : 0px !important;margin-left : 1.92%;}@media only screen and (max-width:1024px) {.fusion-body .fusion-builder-column-0{width:100% !important;order : 0;}.fusion-builder-column-0 > .fusion-column-wrapper {margin-right : 1.92%;margin-left : 1.92%;}}@media only screen and (max-width:640px) {.fusion-body .fusion-builder-column-0{width:100% !important;order : 0;}.fusion-builder-column-0 > .fusion-column-wrapper {margin-right : 1.92%;margin-left : 1.92%;}}<\/style><\/div><\/div><style type=\"text\/css\">.fusion-body .fusion-flex-container.fusion-builder-row-1{ padding-top : 0px;margin-top : 0px;padding-right : 0px;padding-bottom : 0px;margin-bottom : 0px;padding-left : 0px;}<\/style><\/div><div class=\"fusion-fullwidth fullwidth-box fusion-builder-row-2 nonhundred-percent-fullwidth non-hundred-percent-height-scrolling\" style=\"background-color: rgba(255,255,255,0);background-position: center center;background-repeat: no-repeat;padding-top:0px;padding-right:0px;padding-bottom:0px;padding-left:0px;margin-bottom: 0px;margin-top: 0px;border-width: 0px 0px 0px 0px;border-color:#eae9e9;border-style:solid;\" ><div class=\"fusion-builder-row fusion-row\"><div class=\"fusion-layout-column fusion_builder_column fusion-builder-column-1 fusion_builder_column_2_3 2_3 fusion-two-third fusion-column-first\" style=\"width:66.666666666667%;width:calc(66.666666666667% - ( ( 4% ) * 0.66666666666667 ) );margin-right: 4%;margin-top:0px;margin-bottom:20px;\"><div class=\"fusion-column-wrapper fusion-flex-column-wrapper-legacy\" style=\"background-position:left top;background-repeat:no-repeat;-webkit-background-size:cover;-moz-background-size:cover;-o-background-size:cover;background-size:cover;padding: 0px 0px 0px 0px;\"><div class=\"fusion-text fusion-text-1\"><p class=\"custom-rub\">Truckar f\u00f6r alla era behov<\/p>\n<\/div><style type=\"text\/css\"><\/style><div class=\"fusion-title title fusion-title-1 fusion-sep-none fusion-title-text fusion-title-size-one\" style=\"margin-top:0px;margin-right:0px;margin-bottom:10px;margin-left:0px;\"><h1 class=\"title-heading-left\" style=\"margin:0;\"><span class=\"TextRun SCXW14888038 BCX0\" lang=\"SV-SE\" xml:lang=\"SV-SE\" data-contrast=\"none\"><span class=\"NormalTextRun SCXW14888038 BCX0\" data-ccp-parastyle=\"heading 3\">Truckuthyrning i Bor\u00e5s<\/span><\/span><\/h1><\/div><div class=\"fusion-text fusion-text-2\"><p aria-level=\"3\"><b><span data-contrast=\"none\">Effektiva l\u00f6sningar f\u00f6r industrin, lager och materialhantering<\/span><\/b><span data-ccp-props=\"{&quot;134233117&quot;:false,&quot;134233118&quot;:false,&quot;134245418&quot;:true,&quot;134245529&quot;:true,&quot;335551550&quot;:0,&quot;335551620&quot;:0,&quot;335559738&quot;:281,&quot;335559739&quot;:281}\">\u00a0<\/span><\/p>\n<p><span data-contrast=\"auto\">Vi p\u00e5 Truckpoolen erbjuder helhetsl\u00f6sningar inom truckuthyrning i Bor\u00e5s. Vi riktar oss till verksamheter inom industrin, lager och materialhantering som \u00e4r i behov av flexibla och kostnadseffektiva transport- och hanteringsl\u00f6sningar. Oavsett om ni beh\u00f6ver en truck f\u00f6r korttids- eller l\u00e5ngtidshyra, med eller utan f\u00f6rare, kan vi tillhandah\u00e5lla ett brett urval av maskiner f\u00f6r era specifika behov.<\/span><span data-ccp-props=\"{&quot;134233117&quot;:false,&quot;134233118&quot;:false,&quot;335551550&quot;:0,&quot;335551620&quot;:0,&quot;335559738&quot;:240,&quot;335559739&quot;:240}\">\u00a0<\/span><\/p>\n<\/div><div class=\"fusion-sep-clear\"><\/div><div class=\"fusion-separator fusion-full-width-sep\" style=\"margin-left: auto;margin-right: auto;margin-top:10px;margin-bottom:10px;width:100%;\"><\/div><div class=\"fusion-sep-clear\"><\/div><div class=\"fusion-builder-row fusion-builder-row-inner fusion-row\"><div class=\"fusion-layout-column fusion_builder_column_inner fusion-builder-nested-column-0 fusion_builder_column_inner_1_2 1_2 fusion-one-half fusion-column-first\" style=\"width:50%;width:calc(50% - ( ( 4% ) * 0.5 ) );margin-right: 4%;margin-top:0px;margin-bottom:20px;\"><div class=\"fusion-column-wrapper fusion-flex-column-wrapper-legacy\" style=\"background-position:left top;background-repeat:no-repeat;-webkit-background-size:cover;-moz-background-size:cover;-o-background-size:cover;background-size:cover;padding: 0px 0px 0px 0px;\"><ul class=\"fusion-checklist fusion-checklist-1\" style=\"font-size:20px;line-height:34px;\"><li class=\"fusion-li-item\"><span style=\"background-color:rgba(255,255,255,0);font-size:17.6px;height:34px;width:34px;margin-right:14px;\" class=\"icon-wrapper circle-yes\"><i class=\"fusion-li-icon fa fa-check\" style=\"color:#e82e00;\" aria-hidden=\"true\"><\/i><\/span><div class=\"fusion-li-item-content\" style=\"margin-left:48px;\">\n<p>Med eller utan f\u00f6rare<\/p>\n<\/div><\/li><li class=\"fusion-li-item\"><span style=\"background-color:rgba(255,255,255,0);font-size:17.6px;height:34px;width:34px;margin-right:14px;\" class=\"icon-wrapper circle-yes\"><i class=\"fusion-li-icon fa fa-check\" style=\"color:#e82e00;\" aria-hidden=\"true\"><\/i><\/span><div class=\"fusion-li-item-content\" style=\"margin-left:48px;\">\n<p>L\u00e5ng eller korttidsuthyrning<\/p>\n<\/div><\/li><li class=\"fusion-li-item\"><span style=\"background-color:rgba(255,255,255,0);font-size:17.6px;height:34px;width:34px;margin-right:14px;\" class=\"icon-wrapper circle-yes\"><i class=\"fusion-li-icon fa fa-check\" style=\"color:#e82e00;\" aria-hidden=\"true\"><\/i><\/span><div class=\"fusion-li-item-content\" style=\"margin-left:48px;\">\n<p>M\u00e5nga varianter av truckar<\/p>\n<\/div><\/li><li class=\"fusion-li-item\"><span style=\"background-color:rgba(255,255,255,0);font-size:17.6px;height:34px;width:34px;margin-right:14px;\" class=\"icon-wrapper circle-yes\"><i class=\"fusion-li-icon fa fa-check\" style=\"color:#e82e00;\" aria-hidden=\"true\"><\/i><\/span><div class=\"fusion-li-item-content\" style=\"margin-left:48px;\">\n<div class=\"fusion-li-item-content\">\n<p>F\u00f6r extremt tunga lyft<\/p>\n<\/div>\n<\/div><\/li><li class=\"fusion-li-item\"><span style=\"background-color:rgba(255,255,255,0);font-size:17.6px;height:34px;width:34px;margin-right:14px;\" class=\"icon-wrapper circle-yes\"><i class=\"fusion-li-icon fa fa-check\" style=\"color:#e82e00;\" aria-hidden=\"true\"><\/i><\/span><div class=\"fusion-li-item-content\" style=\"margin-left:48px;\">\n<p>F\u00f6r er i och kring bor\u00e5s<\/p>\n<\/div><\/li><\/ul><div class=\"fusion-clearfix\"><\/div><\/div><\/div><div class=\"fusion-layout-column fusion_builder_column_inner fusion-builder-nested-column-1 fusion_builder_column_inner_1_2 1_2 fusion-one-half fusion-column-last\" style=\"width:50%;width:calc(50% - ( ( 4% ) * 0.5 ) );margin-top:0px;margin-bottom:20px;\"><div class=\"fusion-column-wrapper fusion-flex-column-wrapper-legacy\" style=\"background-position:left top;background-repeat:no-repeat;-webkit-background-size:cover;-moz-background-size:cover;-o-background-size:cover;background-size:cover;padding: 0px 0px 0px 0px;\"><span class=\"fusion-imageframe imageframe-none imageframe-2 hover-type-none\"><img decoding=\"async\" width=\"742\" height=\"580\" alt=\"Containerg\u00e5ende truck med 5 tons lyftkapacitet.\" title=\"Containerg\u00e5ende truck 5 ton\" src=\"https:\/\/truckpoolen.se\/wp-content\/uploads\/Start-504.png\" class=\"img-responsive wp-image-2350\" srcset=\"https:\/\/truckpoolen.se\/wp-content\/uploads\/Start-504-200x156.png 200w, https:\/\/truckpoolen.se\/wp-content\/uploads\/Start-504-400x313.png 400w, https:\/\/truckpoolen.se\/wp-content\/uploads\/Start-504-600x469.png 600w, https:\/\/truckpoolen.se\/wp-content\/uploads\/Start-504.png 742w\" sizes=\"(max-width: 1000px) 100vw, 742px\" \/><\/span><div class=\"fusion-clearfix\"><\/div><\/div><\/div><\/div><div class=\"fusion-text fusion-text-3\"><p><span data-contrast=\"auto\">V\u00e5r maskinpark inneh\u00e5ller truckar f\u00f6r olika typer av lyft och hanteringsuppdrag. Vi erbjuder bland annat <span style=\"text-decoration: underline;\"><a href=\"https:\/\/truckpoolen.se\/en\/motviktstruckar\/\">motviktstruckar<\/a><\/span> f\u00f6r generella behov, <a href=\"https:\/\/truckpoolen.se\/en\/skjutstativtruck\/\"><span style=\"text-decoration: underline;\">skjutstativtruckar<\/span>,<\/a> <span style=\"text-decoration: underline;\"><a href=\"https:\/\/truckpoolen.se\/en\/ledstaplare\/\">pallet stacker<\/a><\/span> f\u00f6r tr\u00e5nga lagerutrymmen och <span style=\"text-decoration: underline;\"><a href=\"https:\/\/truckpoolen.se\/en\/hjullastare\/\">Wheel loaders<\/a><\/span> f\u00f6r utomhusarbeten. V\u00e5ra truckar finns tillg\u00e4ngliga f\u00f6r s\u00e4ker stapling av gods, och vi kan leverera specialtruckar eller annan specialanpassad utrustning f\u00f6r era behov. F\u00f6r att m\u00f6ta era krav kan vi \u00e4ven erbjuda tillbeh\u00f6r som gaffelf\u00f6rl\u00e4ngare och gripsystem. <\/span><span data-ccp-props=\"{\">\u00a0<\/span><\/p>\n<p><span data-contrast=\"auto\">Vi har \u00e4ven ett brett utbud av truckar f\u00f6r tunga lyft f\u00f6r alla industriella behov i och kring bor\u00e5s. F\u00f6r uppdrag som innefattar betongblock, st\u00e5lbalkar eller containers erbjuder vi robusta dieseltruckar och containerg\u00e5ende maskiner som klarar upp till 45 tons lyftkapacitet. F\u00f6r att m\u00f6ta era krav kan vi \u00e4ven erbjuda tillbeh\u00f6r som gaffelf\u00f6rl\u00e4ngare och gripsystem.<\/span><span data-ccp-props=\"{\">\u00a0<\/span><\/p>\n<\/div><iframe src=\"https:\/\/www.google.com\/maps\/embed?pb=!1m18!1m12!1m3!1d68176.36272698194!2d12.844769810814753!3d57.72475796645865!2m3!1f0!2f0!3f0!3m2!1i1024!2i768!4f13.1!3m3!1m2!1s0x465aa0b04bdcfeed%3A0x7c327e8fc1abfa59!2zQm9yw6Vz!5e0!3m2!1ssv!2sse!4v1734614477404!5m2!1ssv!2sse\" width=\"820\" height=\"400\" style=\"border:0;\" allowfullscreen=\"\" loading=\"lazy\" referrerpolicy=\"no-referrer-when-downgrade\"><\/iframe><div class=\"fusion-text fusion-text-4\"><h3 aria-level=\"1\">Med eller utan f\u00f6rare<\/h3>\n<p><span data-contrast=\"auto\">Ni kan v\u00e4lja mellan att hyra truck med eller utan f\u00f6rare. Vid behov av snabb insats eller specialistkompetens erbjuder vi erfaren personal f\u00f6r \u201ctaxik\u00f6rning\u201d. Har ni egen personal som kan hantera truckar, s\u00e4kerst\u00e4ller vi att utrustningen levereras i driftklart skick och med full f\u00f6rs\u00e4kring.<\/span><span data-ccp-props=\"{\">\u00a0<\/span><\/p>\n<h3 aria-level=\"4\">Transport och leverans<\/h3>\n<p><span data-contrast=\"auto\">Vi tar hand om transporten av truckar till er arbetsplats. Genom att leverera s\u00e4kert och punktligt sparar vi tid f\u00f6r er verksamhet. Om ni verkar i Bor\u00e5s med omnejd ser vi till att hela processen blir smidig och effektiv.<\/span><span data-ccp-props=\"{\">\u00a0<\/span><\/p>\n<h3 aria-level=\"4\">S\u00e5 h\u00e4r g\u00f6r ni f\u00f6r att hyra en truck<span data-ccp-props=\"{\">\u00a0<\/span><\/h3>\n<p><span data-contrast=\"auto\">Att hyra en truck hos oss \u00e4r enkelt. B\u00f6rja med att kontakta oss via telefon eller e-post f\u00f6r att diskutera era behov och f\u00e5 r\u00e5dgivning om vilken truck som passar b\u00e4st f\u00f6r ert \u00e4ndam\u00e5l. Vi hj\u00e4lper er att v\u00e4lja r\u00e4tt modell och utrustning utifr\u00e5n de arbetsuppgifter som ska utf\u00f6ras. N\u00e4r ni hyr en truck \u00e4r det viktigt att t\u00e4nka p\u00e5 n\u00e5gra faktorer, som arbetsmilj\u00f6n d\u00e4r trucken ska anv\u00e4ndas, vikt- och h\u00f6jdkrav samt om ni beh\u00f6ver extra tillbeh\u00f6r som gaffelf\u00f6rl\u00e4ngare eller specialanpassade lyftverktyg. Vi ser till att allt \u00e4r klart f\u00f6r en smidig och s\u00e4ker anv\u00e4ndning.<\/span><span data-ccp-props=\"{\">\u00a0<\/span><\/p>\n<\/div><div class=\"fusion-clearfix\"><\/div><\/div><\/div><div class=\"fusion-layout-column fusion_builder_column fusion-builder-column-2 fusion_builder_column_1_3 1_3 fusion-one-third fusion-column-last minus-top\" style=\"width:33.333333333333%;width:calc(33.333333333333% - ( ( 4% ) * 0.33333333333333 ) );margin-top:0px;margin-bottom:20px;\"><div class=\"fusion-column-wrapper fusion-flex-column-wrapper-legacy\" style=\"background-position:left top;background-repeat:no-repeat;-webkit-background-size:cover;-moz-background-size:cover;-o-background-size:cover;background-size:cover;background-color:#e3efef;padding: 25px 25px 25px 25px;\"><div class=\"fusion-text fusion-text-5\"><h2 class=\"fusion-responsive-typography-calculated\" style=\"--fontsize: 34; line-height: 1.1;\" data-fontsize=\"34\" data-lineheight=\"37.4px\">\u00c4r du intresserad av att hyra en minikran?<\/h2>\n<p>Send us a message and we&#039;ll get back to you as soon as we can with a quote or for a consultation.<\/p>\n\n<div class=\"wpcf7 no-js\" id=\"wpcf7-f1170-o1\" lang=\"sv-SE\" dir=\"ltr\" data-wpcf7-id=\"1170\">\n<div class=\"screen-reader-response\"><p role=\"status\" aria-live=\"polite\" aria-atomic=\"true\"><\/p> <ul><\/ul><\/div>\n<form action=\"\/en\/wp-json\/wp\/v2\/pages\/4405#wpcf7-f1170-o1\" method=\"post\" class=\"wpcf7-form init\" aria-label=\"Kontaktformul\u00e4r\" novalidate=\"novalidate\" data-status=\"init\" data-trp-original-action=\"\/en\/wp-json\/wp\/v2\/pages\/4405#wpcf7-f1170-o1\">\n<fieldset class=\"hidden-fields-container\"><input type=\"hidden\" name=\"_wpcf7\" value=\"1170\" \/><input type=\"hidden\" name=\"_wpcf7_version\" value=\"6.1.5\" \/><input type=\"hidden\" name=\"_wpcf7_locale\" value=\"sv_SE\" \/><input type=\"hidden\" name=\"_wpcf7_unit_tag\" value=\"wpcf7-f1170-o1\" \/><input type=\"hidden\" name=\"_wpcf7_container_post\" value=\"0\" \/><input type=\"hidden\" name=\"_wpcf7_posted_data_hash\" value=\"\" \/><input type=\"hidden\" name=\"_wpcf7_recaptcha_response\" value=\"\" \/>\n<\/fieldset>\n<p><span class=\"wpcf7-form-control-wrap\" data-name=\"name-1\"><input size=\"40\" maxlength=\"400\" class=\"wpcf7-form-control wpcf7-text wpcf7-validates-as-required\" aria-required=\"true\" aria-invalid=\"false\" placeholder=\"*Enter your name\" value=\"\" type=\"text\" name=\"name-1\" \/><\/span>\n<\/p>\n<p><span class=\"wpcf7-form-control-wrap\" data-name=\"company-1\"><input size=\"40\" maxlength=\"400\" class=\"wpcf7-form-control wpcf7-text\" aria-invalid=\"false\" placeholder=\"Please enter company\" value=\"\" type=\"text\" name=\"company-1\" \/><\/span>\n<\/p>\n<p><span class=\"wpcf7-form-control-wrap\" data-name=\"email-1\"><input size=\"40\" maxlength=\"400\" class=\"wpcf7-form-control wpcf7-email wpcf7-validates-as-required wpcf7-text wpcf7-validates-as-email\" aria-required=\"true\" aria-invalid=\"false\" placeholder=\"*Please enter your e-mail\" value=\"\" type=\"email\" name=\"email-1\" \/><\/span>\n<\/p>\n<p><span class=\"wpcf7-form-control-wrap\" data-name=\"tel-1\"><input size=\"40\" maxlength=\"400\" class=\"wpcf7-form-control wpcf7-tel wpcf7-validates-as-required wpcf7-text wpcf7-validates-as-tel\" aria-required=\"true\" aria-invalid=\"false\" placeholder=\"*Please enter a phone number\" value=\"\" type=\"tel\" name=\"tel-1\" \/><\/span>\n<\/p>\n<p><span class=\"wpcf7-form-control-wrap\" data-name=\"textarea-1\"><textarea cols=\"40\" rows=\"10\" maxlength=\"2000\" class=\"wpcf7-form-control wpcf7-textarea\" aria-invalid=\"false\" placeholder=\"Write a message\" name=\"textarea-1\"><\/textarea><\/span>\n<\/p>\n<p>By pressing the \"Submit\" button, you are giving your consent for Truckpoolen will store your contact details.\n<\/p>\n<p><span id=\"wpcf7-69f60d7cc0531-wrapper\" class=\"wpcf7-form-control-wrap honniing-2-wrap\" ><label for=\"wpcf7-69f60d7cc0531-field\" class=\"hp-message\">L\u00e4mna detta f\u00e4lt tomt.<\/label><input id=\"wpcf7-69f60d7cc0531-field\"  class=\"wpcf7-form-control wpcf7-text\" type=\"text\" name=\"honniing-2\" value=\"\" size=\"40\" tabindex=\"-1\" autocomplete=\"new-password\" \/><\/span>\n<\/p>\n\n<p><input class=\"wpcf7-form-control wpcf7-submit has-spinner\" type=\"submit\" value=\"Submit\" \/>\n<\/p><div class=\"fusion-alert alert custom alert-custom fusion-alert-center wpcf7-response-output fusion-alert-capitalize alert-dismissable\" style=\"border-width:1px;\"><button type=\"button\" class=\"close toggle-alert\" data-dismiss=\"alert\" aria-hidden=\"true\">\u00d7<\/button><div class=\"fusion-alert-content-wrapper\"><span class=\"fusion-alert-content\"><\/span><\/div><\/div>\n<input type=\"hidden\" name=\"trp-form-language\" value=\"en\"\/><\/form>\n<\/div>\n\n<\/div><div class=\"fusion-sep-clear\"><\/div><div class=\"fusion-separator fusion-full-width-sep\" style=\"margin-left: auto;margin-right: auto;margin-top:10px;margin-bottom:10px;width:100%;\"><\/div><div class=\"fusion-sep-clear\"><\/div><div class=\"fusion-text fusion-text-6\"><p class=\"custom-rub\">Service &amp; repair<\/p>\n<\/div><div class=\"fusion-text fusion-text-7\"><h2>Beh\u00f6ver du reparation eller truckservice?<\/h2>\n<p>Vid akuta behov \u00e4r v\u00e5r v\u00e4lutbildade och serviceinriktade personal snabbt p\u00e5 plats med sina fullt utrustade servicebilar f\u00f6r att ge dig truckservice. Ring oss p\u00e5 f\u00f6ljande telefonnummer:<\/p>\n<\/div><div class=\"fusion-text fusion-text-8\"><p style=\"font-size: 2.2em; line-height: 1; font-family: 'Saira Condensed', Arial, Helvetica, sans-serif;\"><a style=\"color: #114e7d;\" href=\"tel:031508190\">031-50 81 90<\/a><\/p>\n<\/div><ul class=\"fusion-checklist fusion-checklist-2 infotext-product\" style=\"font-size:14px;line-height:23.8px;\"><li class=\"fusion-li-item\"><span style=\"background-color:rgba(255,255,255,0);font-size:12.32px;height:23.8px;width:23.8px;margin-right:9.8px;\" class=\"icon-wrapper circle-yes\"><i class=\"fusion-li-icon fa-angle-right fas\" style=\"color:#002b4b;\" aria-hidden=\"true\"><\/i><\/span><div class=\"fusion-li-item-content\" style=\"margin-left:33.6px;\">\r\n\r\nOther contact options: <a href=\"\/en\/kontakt\/#ringupp\">Please send us an e-mail<\/a>\u00a0so we will call you back.\r\n\r\n<\/div><\/li><\/ul><div class=\"fusion-sep-clear\"><\/div><div class=\"fusion-separator fusion-full-width-sep\" style=\"margin-left: auto;margin-right: auto;margin-top:10px;margin-bottom:5px;width:100%;\"><\/div><div class=\"fusion-sep-clear\"><\/div><div class=\"fusion-text fusion-text-9\"><p class=\"custom-rub\">Warehouse hotel<\/p>\n<\/div><div class=\"fusion-text fusion-text-10\"><h2>Storage and warehousing?<\/h2>\n<p>Truckpoolen can offer storage and warehousing of your products - whether it's for a day or several years. If you need temporary buffer storage when your own space is not enough, we are happy to help.<\/p>\n<\/div><div class=\"fusion-button-wrapper\"><style type=\"text\/css\">.fusion-button.button-1 {border-radius:25px;}<\/style><a class=\"fusion-button button-flat fusion-button-default-size button-default button-1 fusion-button-default-span fusion-button-default-type\" target=\"_self\" href=\"\/en\/lagerhotell\/\"><span class=\"fusion-button-text\">More information<\/span><\/a><\/div><div class=\"fusion-clearfix\"><\/div><\/div><\/div><\/div><\/div><div class=\"fusion-fullwidth fullwidth-box fusion-builder-row-3 fusion-flex-container nonhundred-percent-fullwidth non-hundred-percent-height-scrolling\" style=\"background-color: rgba(255,255,255,0);background-position: center center;background-repeat: no-repeat;border-width: 0px 0px 0px 0px;border-color:#eae9e9;border-style:solid;\" ><div class=\"fusion-builder-row fusion-row fusion-flex-align-items-flex-start\" style=\"max-width:1352px;margin-left: calc(-4% \/ 2 );margin-right: calc(-4% \/ 2 );\"><div class=\"fusion-layout-column fusion_builder_column fusion-builder-column-3 fusion_builder_column_1_1 1_1 fusion-flex-column\"><div class=\"fusion-column-wrapper fusion-flex-justify-content-flex-start fusion-content-layout-column\" style=\"background-position:left top;background-repeat:no-repeat;-webkit-background-size:cover;-moz-background-size:cover;-o-background-size:cover;background-size:cover;padding: 0px 0px 0px 0px;\"><div class=\"fusion-text fusion-text-11\"><h3 aria-level=\"1\"><img decoding=\"async\" class=\"alignnone size-full wp-image-3539\" src=\"https:\/\/truckpoolen.se\/wp-content\/uploads\/truckpoolen_logo-600.png\" alt=\"\" width=\"600\" height=\"84\" srcset=\"https:\/\/truckpoolen.se\/wp-content\/uploads\/truckpoolen_logo-600-200x28.png 200w, https:\/\/truckpoolen.se\/wp-content\/uploads\/truckpoolen_logo-600-400x56.png 400w, https:\/\/truckpoolen.se\/wp-content\/uploads\/truckpoolen_logo-600.png 600w\" sizes=\"(max-width: 600px) 100vw, 600px\" \/><\/h3>\n<p aria-level=\"4\"><b><i><span data-contrast=\"none\">V\u00e5r erfarenhet \u2013 er trygghet<\/span><\/i><\/b><span data-ccp-props=\"{&quot;134233117&quot;:false,&quot;134233118&quot;:false,&quot;134245418&quot;:true,&quot;134245529&quot;:true,&quot;335551550&quot;:0,&quot;335551620&quot;:0,&quot;335559738&quot;:319,&quot;335559739&quot;:319}\">\u00a0<\/span><\/p>\n<p><span data-contrast=\"auto\">Med l\u00e5ng erfarenhet inom truckuthyrning \u00e4r vi en p\u00e5litlig partner f\u00f6r verksamheter inom materialhantering. Vi hj\u00e4lper er att hitta en l\u00f6sning som passar era behov och st\u00f6djer er verksamhets effektivitet. Kontakta oss f\u00f6r r\u00e5dgivning eller f\u00f6r att boka en truck.<\/span><span data-ccp-props=\"{&quot;134233117&quot;:false,&quot;134233118&quot;:false,&quot;335551550&quot;:0,&quot;335551620&quot;:0,&quot;335559738&quot;:240,&quot;335559739&quot;:240}\">\u00a0<\/span><\/p>\n<p><span data-contrast=\"auto\">V\u00e5rt m\u00e5l \u00e4r att bidra till att ni kan genomf\u00f6ra era arbetsuppgifter p\u00e5 ett s\u00e4kert och kostnadseffektivt s\u00e4tt.<\/span><span data-ccp-props=\"{&quot;134233117&quot;:false,&quot;134233118&quot;:false,&quot;335551550&quot;:0,&quot;335551620&quot;:0,&quot;335559738&quot;:240,&quot;335559739&quot;:240}\">\u00a0<\/span><\/p>\n<\/div><div style=\"text-align:center;\"><style type=\"text\/css\">.fusion-button.button-2 {border-radius:25px;}<\/style><a class=\"fusion-button button-flat fusion-button-default-size button-default button-2 fusion-button-default-span fusion-button-default-type\" target=\"_self\" href=\"https:\/\/truckpoolen.se\/en\/kontakt\/\"><span class=\"fusion-button-text\">Contact us<\/span><\/a><\/div><div class=\"fusion-separator fusion-full-width-sep\" style=\"align-self: center;margin-left: auto;margin-right: auto;margin-top:30px;margin-bottom:30px;width:100%;\"><\/div><\/div><style type=\"text\/css\">.fusion-body .fusion-builder-column-3{width:100% !important;margin-top : 0px;margin-bottom : 20px;}.fusion-builder-column-3 > .fusion-column-wrapper {padding-top : 0px !important;padding-right : 0px !important;margin-right : 1.92%;padding-bottom : 0px !important;padding-left : 0px !important;margin-left : 1.92%;}@media only screen and (max-width:1024px) {.fusion-body .fusion-builder-column-3{width:100% !important;order : 0;}.fusion-builder-column-3 > .fusion-column-wrapper {margin-right : 1.92%;margin-left : 1.92%;}}@media only screen and (max-width:640px) {.fusion-body .fusion-builder-column-3{width:100% !important;order : 0;}.fusion-builder-column-3 > .fusion-column-wrapper {margin-right : 1.92%;margin-left : 1.92%;}}<\/style><\/div><\/div><style type=\"text\/css\">.fusion-body .fusion-flex-container.fusion-builder-row-3{ padding-top : 0px;margin-top : 0px;padding-right : 0px;padding-bottom : 0px;margin-bottom : 0px;padding-left : 0px;}<\/style><\/div><\/p>","protected":false},"excerpt":{"rendered":"","protected":false},"author":19,"featured_media":0,"parent":0,"menu_order":0,"comment_status":"closed","ping_status":"closed","template":"","meta":{"footnotes":""},"class_list":["post-4405","page","type-page","status-publish","hentry"],"_links":{"self":[{"href":"https:\/\/truckpoolen.se\/en\/wp-json\/wp\/v2\/pages\/4405","targetHints":{"allow":["GET"]}}],"collection":[{"href":"https:\/\/truckpoolen.se\/en\/wp-json\/wp\/v2\/pages"}],"about":[{"href":"https:\/\/truckpoolen.se\/en\/wp-json\/wp\/v2\/types\/page"}],"author":[{"embeddable":true,"href":"https:\/\/truckpoolen.se\/en\/wp-json\/wp\/v2\/users\/19"}],"replies":[{"embeddable":true,"href":"https:\/\/truckpoolen.se\/en\/wp-json\/wp\/v2\/comments?post=4405"}],"version-history":[{"count":0,"href":"https:\/\/truckpoolen.se\/en\/wp-json\/wp\/v2\/pages\/4405\/revisions"}],"wp:attachment":[{"href":"https:\/\/truckpoolen.se\/en\/wp-json\/wp\/v2\/media?parent=4405"}],"curies":[{"name":"wp","href":"https:\/\/api.w.org\/{rel}","templated":true}]}}