{"id":4473,"date":"2025-01-30T16:02:13","date_gmt":"2025-01-30T15:02:13","guid":{"rendered":"https:\/\/truckpoolen.se\/?page_id=4473"},"modified":"2025-01-31T10:02:33","modified_gmt":"2025-01-31T09:02:33","slug":"hyresfragor","status":"publish","type":"page","link":"https:\/\/truckpoolen.se\/en\/om-oss\/hyresfragor\/","title":{"rendered":"Vad vi beh\u00f6ver veta av er"},"content":{"rendered":"\t\t<div data-elementor-type=\"wp-page\" data-elementor-id=\"4473\" class=\"elementor elementor-4473\" data-elementor-post-type=\"page\">\n\t\t\t\t<div class=\"elementor-element elementor-element-4a0505a e-flex e-con-boxed e-con e-parent\" data-id=\"4a0505a\" data-element_type=\"container\" data-e-type=\"container\">\n\t\t\t\t\t<div class=\"e-con-inner\">\n\t\t<div class=\"elementor-element elementor-element-7b71d93 e-con-full e-flex e-con e-child\" data-id=\"7b71d93\" data-element_type=\"container\" data-e-type=\"container\">\n\t\t\t\t<div class=\"elementor-element elementor-element-8ccdc5e elementor-widget elementor-widget-text-editor\" data-id=\"8ccdc5e\" data-element_type=\"widget\" data-e-type=\"widget\" data-widget_type=\"text-editor.default\">\n\t\t\t\t<div class=\"elementor-widget-container\">\n\t\t\t\t\t\t\t\t\t<div class=\"fusion-title title fusion-title-1 fusion-sep-none fusion-title-text fusion-title-size-one fusion-border-below-title\"><h1 class=\"title-heading-left fusion-responsive-typography-calculated\" data-fontsize=\"44\" data-lineheight=\"52.8px\"><span style=\"color: #000000;\">Det h\u00e4r beh\u00f6ver vi veta<\/span><\/h1><\/div><div class=\"fusion-text fusion-text-2\"><p><span style=\"color: #000000;\">Vi \u00e4r m\u00e5na om att kunna leverera en maskin som passar just ert behov och vi har flera truckar med specialm\u00e5tt. S\u00e5 f\u00f6rutom datum och adress beh\u00f6ver vi oftast f\u00e5 reda p\u00e5 fler uppgifter f\u00f6r att kunna leverera r\u00e4tt maskin till er. Det h\u00e4r \u00e4r fr\u00e5gor som vi kan komma att st\u00e4lla n\u00e4r du vill hyra en truck i G\u00f6teborg av oss:<\/span><\/p><\/div>\t\t\t\t\t\t\t\t<\/div>\n\t\t\t\t<\/div>\n\t\t\t\t<div class=\"elementor-element elementor-element-efd731c elementor-widget elementor-widget-text-editor\" data-id=\"efd731c\" data-element_type=\"widget\" data-e-type=\"widget\" data-widget_type=\"text-editor.default\">\n\t\t\t\t<div class=\"elementor-widget-container\">\n\t\t\t\t\t\t\t\t\t<div class=\"fusion-text fusion-text-2\">\n<ul>\n<li>M\u00e5tt och vikt p\u00e5 gods?<\/li>\n<li>Lyfth\u00f6jd?<\/li>\n<li>Finns det n\u00e5gra begr\u00e4nsningar att ta h\u00e4nsyn till \u2013 h\u00f6jd, bredd, vikt?<\/li>\n<li>Beh\u00f6vs frilyft?<\/li>\n<li>\u00c4r k\u00f6rning\/uppst\u00e4llning utomhus eller inomhus?<\/li>\n<li>El eller diesel?<\/li>\n<li>Avgaskrav \u2013 partikelfilter?<\/li>\n<li>Vill ni att vi ordnar transport?<\/li>\n<li>Uppgifter inf\u00f6r fakturering (f\u00f6retag, org nr, referens, m\u00e4rkning mm)<\/li><\/ul><\/div>\t\t\t\t\t\t\t\t<\/div>\n\t\t\t\t<\/div>\n\t\t\t\t<div class=\"elementor-element elementor-element-b804e83 elementor-align-justify elementor-widget elementor-widget-button\" data-id=\"b804e83\" data-element_type=\"widget\" data-e-type=\"widget\" data-widget_type=\"button.default\">\n\t\t\t\t<div class=\"elementor-widget-container\">\n\t\t\t\t\t\t\t\t\t<div class=\"elementor-button-wrapper\">\n\t\t\t\t\t<a class=\"elementor-button elementor-button-link elementor-size-sm\" href=\"https:\/\/truckpoolen.se\/truckuthyrning\/\">\n\t\t\t\t\t\t<span class=\"elementor-button-content-wrapper\">\n\t\t\t\t\t\t<span class=\"elementor-button-icon\">\n\t\t\t\t<i aria-hidden=\"true\" class=\"fas fa-arrow-circle-right\"><\/i>\t\t\t<\/span>\n\t\t\t\t\t\t\t\t\t<span class=\"elementor-button-text\">Till truckuthyrning<\/span>\n\t\t\t\t\t<\/span>\n\t\t\t\t\t<\/a>\n\t\t\t\t<\/div>\n\t\t\t\t\t\t\t\t<\/div>\n\t\t\t\t<\/div>\n\t\t\t\t<div class=\"elementor-element elementor-element-6eb8910 elementor-widget elementor-widget-text-editor\" data-id=\"6eb8910\" data-element_type=\"widget\" data-e-type=\"widget\" data-widget_type=\"text-editor.default\">\n\t\t\t\t<div class=\"elementor-widget-container\">\n\t\t\t\t\t\t\t\t\t<h2>Anteckningar?<\/h2><p>Beh\u00f6ver ni skriva ner alla dessa fr\u00e5gor? D\u00e5 kan ni g\u00e5 igenom v\u00e5rt formul\u00e4r och skicka dessa anteckningar till er Email.<\/p>\t\t\t\t\t\t\t\t<\/div>\n\t\t\t\t<\/div>\n\t\t\t\t<div class=\"elementor-element elementor-element-5fecde0 elementor-button-align-stretch elementor-widget elementor-widget-form\" data-id=\"5fecde0\" data-element_type=\"widget\" data-e-type=\"widget\" data-settings=\"{&quot;step_next_label&quot;:&quot;N\\u00e4sta&quot;,&quot;step_previous_label&quot;:&quot;F\\u00f6reg\\u00e5ende&quot;,&quot;button_width&quot;:&quot;100&quot;,&quot;step_type&quot;:&quot;number_text&quot;,&quot;step_icon_shape&quot;:&quot;circle&quot;}\" data-widget_type=\"form.default\">\n\t\t\t\t<div class=\"elementor-widget-container\">\n\t\t\t\t\t\t\t<form class=\"elementor-form\" method=\"post\" name=\"Nytt formul\u00e4r\" aria-label=\"Nytt formul\u00e4r\">\n\t\t\t<input type=\"hidden\" name=\"post_id\" value=\"4473\"\/>\n\t\t\t<input type=\"hidden\" name=\"form_id\" value=\"5fecde0\"\/>\n\t\t\t<input type=\"hidden\" name=\"referer_title\" value=\"Vad vi beh\u00f6ver veta av er - Truckpoolen G\u00f6teborg AB\" \/>\n\n\t\t\t\t\t\t\t<input type=\"hidden\" name=\"queried_id\" value=\"4473\"\/>\n\t\t\t\n\t\t\t<div class=\"elementor-form-fields-wrapper elementor-labels-above\">\n\t\t\t\t\t\t\t\t<div class=\"elementor-field-type-step elementor-field-group elementor-column elementor-field-group-field_3cea52b elementor-col-100\">\n\t\t\t\t\t\t\t<div class=\"e-field-step elementor-hidden\" data-label=\"Fr\u00e5gor\" data-previousButton=\"\" data-nextButton=\"\" data-iconUrl=\"\" data-iconLibrary=\"fas fa-star\" data-icon=\"\" ><\/div>\n\n\t\t\t\t\t\t<\/div>\n\t\t\t\t\t\t\t\t<div class=\"elementor-field-type-number elementor-field-group elementor-column elementor-field-group-vikt elementor-col-100\">\n\t\t\t\t\t\t\t\t\t\t\t\t<label for=\"form-field-vikt\" class=\"elementor-field-label\">\n\t\t\t\t\t\t\t\tVikt p\u00e5 gods\t\t\t\t\t\t\t<\/label>\n\t\t\t\t\t\t\t\t\t<input type=\"number\" name=\"form_fields[vikt]\" id=\"form-field-vikt\" class=\"elementor-field elementor-size-sm  elementor-field-textual\" placeholder=\"kg\" min=\"0\" max=\"\" >\n\t\t\t\t\t\t<\/div>\n\t\t\t\t\t\t\t\t<div class=\"elementor-field-type-html elementor-field-group elementor-column elementor-field-group-field_c0b15f4 elementor-col-100\">\n\t\t\t\t\tVad har ert gods f\u00f6r m\u00e5tt?\t\t\t\t<\/div>\n\t\t\t\t\t\t\t\t<div class=\"elementor-field-type-number elementor-field-group elementor-column elementor-field-group-field_c76bed9 elementor-col-33\">\n\t\t\t\t\t\t\t\t\t\t\t\t<label for=\"form-field-field_c76bed9\" class=\"elementor-field-label\">\n\t\t\t\t\t\t\t\tBredd\t\t\t\t\t\t\t<\/label>\n\t\t\t\t\t\t\t\t\t<input type=\"number\" name=\"form_fields[field_c76bed9]\" id=\"form-field-field_c76bed9\" class=\"elementor-field elementor-size-sm  elementor-field-textual\" placeholder=\"cm\" min=\"\" max=\"\" >\n\t\t\t\t\t\t<\/div>\n\t\t\t\t\t\t\t\t<div class=\"elementor-field-type-number elementor-field-group elementor-column elementor-field-group-field_3469688 elementor-col-33\">\n\t\t\t\t\t\t\t\t\t\t\t\t<label for=\"form-field-field_3469688\" class=\"elementor-field-label\">\n\t\t\t\t\t\t\t\tL\u00e4ngd\t\t\t\t\t\t\t<\/label>\n\t\t\t\t\t\t\t\t\t<input type=\"number\" name=\"form_fields[field_3469688]\" id=\"form-field-field_3469688\" class=\"elementor-field elementor-size-sm  elementor-field-textual\" placeholder=\"cm\" min=\"\" max=\"\" >\n\t\t\t\t\t\t<\/div>\n\t\t\t\t\t\t\t\t<div class=\"elementor-field-type-number elementor-field-group elementor-column elementor-field-group-field_b24b3d7 elementor-col-33\">\n\t\t\t\t\t\t\t\t\t\t\t\t<label for=\"form-field-field_b24b3d7\" class=\"elementor-field-label\">\n\t\t\t\t\t\t\t\tH\u00f6jd\t\t\t\t\t\t\t<\/label>\n\t\t\t\t\t\t\t\t\t<input type=\"number\" name=\"form_fields[field_b24b3d7]\" id=\"form-field-field_b24b3d7\" class=\"elementor-field elementor-size-sm  elementor-field-textual\" placeholder=\"cm\" min=\"\" max=\"\" >\n\t\t\t\t\t\t<\/div>\n\t\t\t\t\t\t\t\t<div class=\"elementor-field-type-text elementor-field-group elementor-column elementor-field-group-field_85d6960 elementor-col-100\">\n\t\t\t\t\t\t\t\t\t\t\t\t<label for=\"form-field-field_85d6960\" class=\"elementor-field-label\">\n\t\t\t\t\t\t\t\tFinns det n\u00e5gra begr\u00e4nsningar att ta h\u00e4nsyn till \u2013 l\u00e4ngd, h\u00f6jd, bredd, vikt?\t\t\t\t\t\t\t<\/label>\n\t\t\t\t\t\t\t\t\t\t\t\t\t\t<input size=\"1\" type=\"text\" name=\"form_fields[field_85d6960]\" id=\"form-field-field_85d6960\" class=\"elementor-field elementor-size-sm  elementor-field-textual\">\n\t\t\t\t\t\t\t\t\t\t\t<\/div>\n\t\t\t\t\t\t\t\t<div class=\"elementor-field-type-radio elementor-field-group elementor-column elementor-field-group-field_e6b4daa elementor-col-33\">\n\t\t\t\t\t\t\t\t\t\t\t\t<label for=\"form-field-field_e6b4daa\" class=\"elementor-field-label\">\n\t\t\t\t\t\t\t\tBeh\u00f6vs frilyft?\t\t\t\t\t\t\t<\/label>\n\t\t\t\t\t\t<div class=\"elementor-field-subgroup  elementor-subgroup-inline\"><span class=\"elementor-field-option\"><input type=\"radio\" value=\"Ja\" id=\"form-field-field_e6b4daa-0\" name=\"form_fields[field_e6b4daa]\"> <label for=\"form-field-field_e6b4daa-0\">Ja<\/label><\/span><span class=\"elementor-field-option\"><input type=\"radio\" value=\"Nej\" id=\"form-field-field_e6b4daa-1\" name=\"form_fields[field_e6b4daa]\"> <label for=\"form-field-field_e6b4daa-1\">Nej<\/label><\/span><\/div>\t\t\t\t<\/div>\n\t\t\t\t\t\t\t\t<div class=\"elementor-field-type-radio elementor-field-group elementor-column elementor-field-group-field_2c46d23 elementor-col-33\">\n\t\t\t\t\t\t\t\t\t\t\t\t<label for=\"form-field-field_2c46d23\" class=\"elementor-field-label\">\n\t\t\t\t\t\t\t\tEl eller diesel?\t\t\t\t\t\t\t<\/label>\n\t\t\t\t\t\t<div class=\"elementor-field-subgroup  elementor-subgroup-inline\"><span class=\"elementor-field-option\"><input type=\"radio\" value=\"El\" id=\"form-field-field_2c46d23-0\" name=\"form_fields[field_2c46d23]\"> <label for=\"form-field-field_2c46d23-0\">El<\/label><\/span><span class=\"elementor-field-option\"><input type=\"radio\" value=\"Diesel\" id=\"form-field-field_2c46d23-1\" name=\"form_fields[field_2c46d23]\"> <label for=\"form-field-field_2c46d23-1\">Diesel<\/label><\/span><\/div>\t\t\t\t<\/div>\n\t\t\t\t\t\t\t\t<div class=\"elementor-field-type-radio elementor-field-group elementor-column elementor-field-group-field_dc820a8 elementor-col-33\">\n\t\t\t\t\t\t\t\t\t\t\t\t<label for=\"form-field-field_dc820a8\" class=\"elementor-field-label\">\n\t\t\t\t\t\t\t\t\u00c4r k\u00f6rning\/uppst\u00e4llning utomhus eller inomhus?\t\t\t\t\t\t\t<\/label>\n\t\t\t\t\t\t<div class=\"elementor-field-subgroup  elementor-subgroup-inline\"><span class=\"elementor-field-option\"><input type=\"radio\" value=\"Inomhus\" id=\"form-field-field_dc820a8-0\" name=\"form_fields[field_dc820a8]\"> <label for=\"form-field-field_dc820a8-0\">Inomhus<\/label><\/span><span class=\"elementor-field-option\"><input type=\"radio\" value=\"Utomhus\" id=\"form-field-field_dc820a8-1\" name=\"form_fields[field_dc820a8]\"> <label for=\"form-field-field_dc820a8-1\">Utomhus<\/label><\/span><\/div>\t\t\t\t<\/div>\n\t\t\t\t\t\t\t\t<div class=\"elementor-field-type-radio elementor-field-group elementor-column elementor-field-group-field_d3fd54e elementor-col-33\">\n\t\t\t\t\t\t\t\t\t\t\t\t<label for=\"form-field-field_d3fd54e\" class=\"elementor-field-label\">\n\t\t\t\t\t\t\t\tAvgaskrav?\t\t\t\t\t\t\t<\/label>\n\t\t\t\t\t\t<div class=\"elementor-field-subgroup  elementor-subgroup-inline\"><span class=\"elementor-field-option\"><input type=\"radio\" value=\"Ja\" id=\"form-field-field_d3fd54e-0\" name=\"form_fields[field_d3fd54e]\"> <label for=\"form-field-field_d3fd54e-0\">Ja<\/label><\/span><span class=\"elementor-field-option\"><input type=\"radio\" value=\"Nej\" id=\"form-field-field_d3fd54e-1\" name=\"form_fields[field_d3fd54e]\"> <label for=\"form-field-field_d3fd54e-1\">Nej<\/label><\/span><\/div>\t\t\t\t<\/div>\n\t\t\t\t\t\t\t\t<div class=\"elementor-field-type-radio elementor-field-group elementor-column elementor-field-group-field_27d39ae elementor-col-33\">\n\t\t\t\t\t\t\t\t\t\t\t\t<label for=\"form-field-field_27d39ae\" class=\"elementor-field-label\">\n\t\t\t\t\t\t\t\tBeh\u00f6ver du partikelfilter?\t\t\t\t\t\t\t<\/label>\n\t\t\t\t\t\t<div class=\"elementor-field-subgroup  elementor-subgroup-inline\"><span class=\"elementor-field-option\"><input type=\"radio\" value=\"Ja\" id=\"form-field-field_27d39ae-0\" name=\"form_fields[field_27d39ae]\"> <label for=\"form-field-field_27d39ae-0\">Ja<\/label><\/span><span class=\"elementor-field-option\"><input type=\"radio\" value=\"Nej\" id=\"form-field-field_27d39ae-1\" name=\"form_fields[field_27d39ae]\"> <label for=\"form-field-field_27d39ae-1\">Nej<\/label><\/span><\/div>\t\t\t\t<\/div>\n\t\t\t\t\t\t\t\t<div class=\"elementor-field-type-step elementor-field-group elementor-column elementor-field-group-field_e23f0cc elementor-col-100\">\n\t\t\t\t\t\t\t<div class=\"e-field-step elementor-hidden\" data-label=\"Transport\" data-previousButton=\"\" data-nextButton=\"\" data-iconUrl=\"\" data-iconLibrary=\"fas fa-arrow-right\" data-icon=\"\" ><\/div>\n\n\t\t\t\t\t\t<\/div>\n\t\t\t\t\t\t\t\t<div class=\"elementor-field-type-radio elementor-field-group elementor-column elementor-field-group-field_3dbcd44 elementor-col-100 elementor-field-required elementor-mark-required\">\n\t\t\t\t\t\t\t\t\t\t\t\t<label for=\"form-field-field_3dbcd44\" class=\"elementor-field-label\">\n\t\t\t\t\t\t\t\tBeh\u00f6ver du transport?\t\t\t\t\t\t\t<\/label>\n\t\t\t\t\t\t<div class=\"elementor-field-subgroup  elementor-subgroup-inline\"><span class=\"elementor-field-option\"><input type=\"radio\" value=\"Ja\" id=\"form-field-field_3dbcd44-0\" name=\"form_fields[field_3dbcd44]\" required=\"required\"> <label for=\"form-field-field_3dbcd44-0\">Ja<\/label><\/span><span class=\"elementor-field-option\"><input type=\"radio\" value=\"Nej\" id=\"form-field-field_3dbcd44-1\" name=\"form_fields[field_3dbcd44]\" required=\"required\"> <label for=\"form-field-field_3dbcd44-1\">Nej<\/label><\/span><\/div>\t\t\t\t<\/div>\n\t\t\t\t\t\t\t\t<div class=\"elementor-field-type-html elementor-field-group elementor-column elementor-field-group-field_6309134 elementor-col-100\">\n\t\t\t\t\tOm <b>nej<\/b>, tryck n\u00e4sta.\t\t\t\t<\/div>\n\t\t\t\t\t\t\t\t<div class=\"elementor-field-type-text elementor-field-group elementor-column elementor-field-group-field_7af16a4 elementor-col-50\">\n\t\t\t\t\t\t\t\t\t\t\t\t<label for=\"form-field-field_7af16a4\" class=\"elementor-field-label\">\n\t\t\t\t\t\t\t\tTill\t\t\t\t\t\t\t<\/label>\n\t\t\t\t\t\t\t\t\t\t\t\t\t\t<input size=\"1\" type=\"text\" name=\"form_fields[field_7af16a4]\" id=\"form-field-field_7af16a4\" class=\"elementor-field elementor-size-sm  elementor-field-textual\" placeholder=\"Adress\">\n\t\t\t\t\t\t\t\t\t\t\t<\/div>\n\t\t\t\t\t\t\t\t<div class=\"elementor-field-type-text elementor-field-group elementor-column elementor-field-group-field_deb57d8 elementor-col-50\">\n\t\t\t\t\t\t\t\t\t\t\t\t<label for=\"form-field-field_deb57d8\" class=\"elementor-field-label\">\n\t\t\t\t\t\t\t\tFr\u00e5n\t\t\t\t\t\t\t<\/label>\n\t\t\t\t\t\t\t\t\t\t\t\t\t\t<input size=\"1\" type=\"text\" name=\"form_fields[field_deb57d8]\" id=\"form-field-field_deb57d8\" class=\"elementor-field elementor-size-sm  elementor-field-textual\" placeholder=\"Adress\">\n\t\t\t\t\t\t\t\t\t\t\t<\/div>\n\t\t\t\t\t\t\t\t<div class=\"elementor-field-type-step elementor-field-group elementor-column elementor-field-group-field_d59154e elementor-col-100\">\n\t\t\t\t\t\t\t<div class=\"e-field-step elementor-hidden\" data-label=\"Anteckningar\" data-previousButton=\"\" data-nextButton=\"\" data-iconUrl=\"\" data-iconLibrary=\"fas fa-star\" data-icon=\"\" ><\/div>\n\n\t\t\t\t\t\t<\/div>\n\t\t\t\t\t\t\t\t<div class=\"elementor-field-type-textarea elementor-field-group elementor-column elementor-field-group-field_1735500 elementor-col-100\">\n\t\t\t\t\t\t\t\t\t\t\t\t<label for=\"form-field-field_1735500\" class=\"elementor-field-label\">\n\t\t\t\t\t\t\t\tAnteckningar\t\t\t\t\t\t\t<\/label>\n\t\t\t\t\t\t<textarea class=\"elementor-field-textual elementor-field  elementor-size-sm\" name=\"form_fields[field_1735500]\" id=\"form-field-field_1735500\" rows=\"6\" placeholder=\"H\u00e4r kan du anteckna om ni beh\u00f6ver komma ih\u00e5g n\u00e5got\"><\/textarea>\t\t\t\t<\/div>\n\t\t\t\t\t\t\t\t<div class=\"elementor-field-type-email elementor-field-group elementor-column elementor-field-group-field_8fb730b elementor-col-100 elementor-field-required elementor-mark-required\">\n\t\t\t\t\t\t\t\t\t\t\t\t<label for=\"form-field-field_8fb730b\" class=\"elementor-field-label\">\n\t\t\t\t\t\t\t\tTill vilken <b>Email<\/b> vill du skicka dessa anteckningar till?\t\t\t\t\t\t\t<\/label>\n\t\t\t\t\t\t\t\t\t\t\t\t\t\t<input size=\"1\" type=\"email\" name=\"form_fields[field_8fb730b]\" id=\"form-field-field_8fb730b\" class=\"elementor-field elementor-size-sm  elementor-field-textual\" placeholder=\"Janne.hjort@email.com\" required=\"required\">\n\t\t\t\t\t\t\t\t\t\t\t<\/div>\n\t\t\t\t\t\t\t\t<div class=\"elementor-field-group elementor-column elementor-field-type-submit elementor-col-100 e-form__buttons\">\n\t\t\t\t\t<button class=\"elementor-button elementor-size-sm\" type=\"submit\">\n\t\t\t\t\t\t<span class=\"elementor-button-content-wrapper\">\n\t\t\t\t\t\t\t\t\t\t\t\t\t\t\t\t\t\t\t\t\t\t<span class=\"elementor-button-text\">Skicka<\/span>\n\t\t\t\t\t\t\t\t\t\t\t\t\t<\/span>\n\t\t\t\t\t<\/button>\n\t\t\t\t<\/div>\n\t\t\t<\/div>\n\t\t<\/form>\n\t\t\t\t\t\t<\/div>\n\t\t\t\t<\/div>\n\t\t\t\t<\/div>\n\t\t<div class=\"elementor-element elementor-element-ad4fc60 e-con-full e-flex e-con e-child\" data-id=\"ad4fc60\" data-element_type=\"container\" data-e-type=\"container\" data-settings=\"{&quot;background_background&quot;:&quot;classic&quot;}\">\n\t\t<div class=\"elementor-element elementor-element-c34ba25 e-con-full e-flex e-con e-child\" data-id=\"c34ba25\" data-element_type=\"container\" data-e-type=\"container\" data-settings=\"{&quot;sticky&quot;:&quot;top&quot;,&quot;sticky_anchor_link_offset&quot;:120,&quot;sticky_parent&quot;:&quot;yes&quot;,&quot;sticky_on&quot;:[&quot;desktop&quot;,&quot;tablet&quot;,&quot;mobile&quot;],&quot;sticky_offset&quot;:0,&quot;sticky_effects_offset&quot;:0}\">\n\t\t\t\t<div class=\"elementor-element elementor-element-287f483 elementor-widget elementor-widget-image\" data-id=\"287f483\" data-element_type=\"widget\" data-e-type=\"widget\" data-widget_type=\"image.default\">\n\t\t\t\t<div class=\"elementor-widget-container\">\n\t\t\t\t\t\t\t\t\t\t\t\t\t\t\t<img fetchpriority=\"high\" decoding=\"async\" width=\"1000\" height=\"773\" src=\"https:\/\/truckpoolen.se\/wp-content\/uploads\/MG_2745.jpg\" class=\"attachment-large size-large wp-image-2449\" alt=\"Truckpoolens logotyp inzoomad p\u00e5 sidan utav en gul truck.\" srcset=\"https:\/\/truckpoolen.se\/wp-content\/uploads\/MG_2745-200x155.jpg 200w, https:\/\/truckpoolen.se\/wp-content\/uploads\/MG_2745-400x309.jpg 400w, https:\/\/truckpoolen.se\/wp-content\/uploads\/MG_2745-600x464.jpg 600w, https:\/\/truckpoolen.se\/wp-content\/uploads\/MG_2745-768x594.jpg 768w, https:\/\/truckpoolen.se\/wp-content\/uploads\/MG_2745-800x618.jpg 800w, https:\/\/truckpoolen.se\/wp-content\/uploads\/MG_2745.jpg 1000w\" sizes=\"(max-width: 1000px) 100vw, 1000px\" \/>\t\t\t\t\t\t\t\t\t\t\t\t\t\t\t<\/div>\n\t\t\t\t<\/div>\n\t\t\t\t<\/div>\n\t\t\t\t<\/div>\n\t\t\t\t\t<\/div>\n\t\t\t\t<\/div>\n\t\t\t\t<\/div>\n\t\t","protected":false},"excerpt":{"rendered":"<p>Det h\u00e4r beh\u00f6ver vi veta Vi \u00e4r m\u00e5na om att kunna leverera en maskin som passar just ert behov [&hellip;]<\/p>\n","protected":false},"author":19,"featured_media":0,"parent":1376,"menu_order":0,"comment_status":"closed","ping_status":"closed","template":"","meta":{"footnotes":""},"class_list":["post-4473","page","type-page","status-publish","hentry"],"_links":{"self":[{"href":"https:\/\/truckpoolen.se\/en\/wp-json\/wp\/v2\/pages\/4473","targetHints":{"allow":["GET"]}}],"collection":[{"href":"https:\/\/truckpoolen.se\/en\/wp-json\/wp\/v2\/pages"}],"about":[{"href":"https:\/\/truckpoolen.se\/en\/wp-json\/wp\/v2\/types\/page"}],"author":[{"embeddable":true,"href":"https:\/\/truckpoolen.se\/en\/wp-json\/wp\/v2\/users\/19"}],"replies":[{"embeddable":true,"href":"https:\/\/truckpoolen.se\/en\/wp-json\/wp\/v2\/comments?post=4473"}],"version-history":[{"count":0,"href":"https:\/\/truckpoolen.se\/en\/wp-json\/wp\/v2\/pages\/4473\/revisions"}],"up":[{"embeddable":true,"href":"https:\/\/truckpoolen.se\/en\/wp-json\/wp\/v2\/pages\/1376"}],"wp:attachment":[{"href":"https:\/\/truckpoolen.se\/en\/wp-json\/wp\/v2\/media?parent=4473"}],"curies":[{"name":"wp","href":"https:\/\/api.w.org\/{rel}","templated":true}]}}