{"id":986,"date":"2017-10-10T15:59:05","date_gmt":"2017-10-10T13:59:05","guid":{"rendered":"http:\/\/truckpoolen.se.hemsida.eu\/?page_id=986"},"modified":"2026-02-12T15:55:39","modified_gmt":"2026-02-12T14:55:39","slug":"hem","status":"publish","type":"page","link":"https:\/\/truckpoolen.se\/en\/","title":{"rendered":"Home"},"content":{"rendered":"<p><div class=\"fusion-fullwidth fullwidth-box fusion-builder-row-1 fusion-flex-container fusion-parallax-none top-home-margin nonhundred-percent-fullwidth non-hundred-percent-height-scrolling\" style=\"background-color: rgba(19,77,123,0.4);background-image: url(&quot;https:\/\/truckpoolen.se\/wp-content\/uploads\/Start_2997-2-scaled.jpg&quot;);background-position: center center;background-repeat: no-repeat;background-blend-mode: multiply;border-width: 0px 0px 0px 0px;border-color:#eae9e9;border-style:solid;-webkit-background-size:cover;-moz-background-size:cover;-o-background-size:cover;background-size:cover;min-height:700px;\" ><div class=\"fusion-builder-row fusion-row fusion-flex-align-items-center fusion-flex-align-content-center fusion-flex-justify-content-center\" style=\"max-width:calc( 1300px + 0px );margin-left: calc(-0px \/ 2 );margin-right: calc(-0px \/ 2 );\"><div class=\"fusion-layout-column fusion_builder_column fusion-builder-column-0 fusion_builder_column_1_1 1_1 fusion-flex-column\" id=\"homehead\"><div class=\"fusion-column-wrapper fusion-flex-justify-content-flex-start fusion-content-layout-column\" style=\"background-position:center center;background-repeat:no-repeat;-webkit-background-size:cover;-moz-background-size:cover;-o-background-size:cover;background-size:cover;padding: 20px 20px 20px 0px;\"><div class=\"fusion-text fusion-text-1\" style=\"color:#ffffff;\"><h1><span style=\"color: #ffffff;\">A one-stop supplier of forklifts and trucks here in Gothenburg, sweden<\/span><\/h1>\n<p><span style=\"color: #ffffff;\">Do you need a truck, in Gothenburg, sweden? At Truckpoolen, you can rent a forklift in Gothenburg, sweden, with or without a driver. Rent reach truck, 45-ton trucks, everywhere from 1-day for a number of years. We are happy to share our experiences with you when it comes to finding solutions in the storage and handling of materials.<\/span><\/p>\n<\/div><\/div><style type=\"text\/css\">.fusion-body .fusion-builder-column-0{width:100% !important;margin-top : 0px;margin-bottom : 0px;}.fusion-builder-column-0 > .fusion-column-wrapper {padding-top : 20px !important;padding-right : 20px !important;margin-right : 0;padding-bottom : 20px !important;padding-left : 0px !important;margin-left : 0px;}@media only screen and (max-width:1024px) {.fusion-body .fusion-builder-column-0{width:100% !important;order : 0;}.fusion-builder-column-0 > .fusion-column-wrapper {margin-right : 0px;margin-left : 0px;}}@media only screen and (max-width:640px) {.fusion-body .fusion-builder-column-0{width:100% !important;order : 0;}.fusion-builder-column-0 > .fusion-column-wrapper {margin-right : 0px;margin-left : 0px;}}<\/style><\/div><\/div><style type=\"text\/css\">.fusion-body .fusion-flex-container.fusion-builder-row-1{ padding-top : 0px;margin-top : -6%;padding-right : 0px;padding-bottom : 0px;margin-bottom : 20px;padding-left : 0px;}<\/style><\/div><div class=\"fusion-fullwidth fullwidth-box fusion-builder-row-2 top-home-margin nonhundred-percent-fullwidth non-hundred-percent-height-scrolling fusion-equal-height-columns\" style=\"background-color: rgba(255,255,255,0);background-position: center center;background-repeat: no-repeat;padding-top:0px;padding-right:0px;padding-bottom:0px;padding-left:0px;margin-bottom: 20px;margin-top: 20px;border-width: 0px 0px 0px 0px;border-color:#eae9e9;border-style:solid;\" ><div class=\"fusion-builder-row fusion-row\"><div class=\"fusion-layout-column fusion_builder_column fusion-builder-column-1 fusion_builder_column_1_4 1_4 fusion-one-fourth fusion-column-first custom-margin\" style=\"width:25%;width:calc(25% - ( ( 0px + 0px + 0 ) * 0.25 ) );margin-right: 0px;margin-top:0px;margin-bottom:0px;\" id=\"start-truck\"><div class=\"fusion-column-wrapper fusion-flex-column-wrapper-legacy\" style=\"background-position:center center;background-repeat:no-repeat;-webkit-background-size:cover;-moz-background-size:cover;-o-background-size:cover;background-size:cover;background-color:#e3efef;padding: 20px 20px 20px 20px;\"><div class=\"fusion-text fusion-text-2\"><p class=\"custom-rub\">Hyr truck<\/p>\n<\/div><span class=\"fusion-imageframe imageframe-none imageframe-1 hover-type-none\"><a class=\"fusion-no-lightbox\" href=\"\/en\/truckuthyrning\/\" target=\"_self\" aria-label=\"Containerg\u00e5ende truck 5 ton\"><img fetchpriority=\"high\" decoding=\"async\" width=\"742\" height=\"580\" alt=\"Containerg\u00e5ende truck med 5 tons lyftkapacitet.\" src=\"https:\/\/truckpoolen.se\/wp-content\/uploads\/Start-504.png\" class=\"img-responsive wp-image-2350\" srcset=\"https:\/\/truckpoolen.se\/wp-content\/uploads\/Start-504-200x156.png 200w, https:\/\/truckpoolen.se\/wp-content\/uploads\/Start-504-400x313.png 400w, https:\/\/truckpoolen.se\/wp-content\/uploads\/Start-504-600x469.png 600w, https:\/\/truckpoolen.se\/wp-content\/uploads\/Start-504.png 742w\" sizes=\"(max-width: 1000px) 100vw, 400px\" \/><\/a><\/span><div class=\"fusion-aligncenter\"><style type=\"text\/css\">.fusion-button.button-1 {border-radius:25px;}<\/style><a class=\"fusion-button button-flat button-large button-default button-1 fusion-button-default-span fusion-button-default-type\" target=\"_self\" href=\"\/en\/truckuthyrning\/\"><i class=\"fa-angle-right fas button-icon-left\" aria-hidden=\"true\"><\/i><span class=\"fusion-button-text\">Read more<\/span><\/a><\/div><div class=\"fusion-clearfix\"><\/div><\/div><\/div><div class=\"fusion-layout-column fusion_builder_column fusion-builder-column-2 fusion_builder_column_1_4 1_4 fusion-one-fourth custom-margin\" style=\"width:25%;width:calc(25% - ( ( 0px + 0px + 0 ) * 0.25 ) );margin-right: 0px;margin-top:0px;margin-bottom:0px;\" id=\"start-truck\"><div class=\"fusion-column-wrapper fusion-flex-column-wrapper-legacy\" style=\"background-position:center center;background-repeat:no-repeat;-webkit-background-size:cover;-moz-background-size:cover;-o-background-size:cover;background-size:cover;background-color:#e3efef;padding: 20px 20px 20px 20px;\"><div class=\"fusion-text fusion-text-3\"><p class=\"custom-rub\">Hyr minikran<\/p>\n<\/div><span class=\"fusion-imageframe imageframe-none imageframe-2 hover-type-none\"><a class=\"fusion-no-lightbox\" href=\"\/en\/minikran\/\" target=\"_self\" aria-label=\"jekko-SPX650-minikran-truckpoolen\"><img decoding=\"async\" width=\"560\" height=\"796\" alt=\"Orange minikran\" src=\"https:\/\/truckpoolen.se\/wp-content\/uploads\/jekko-SPX650-minikran-truckpoolen.png\" class=\"img-responsive wp-image-4894\" srcset=\"https:\/\/truckpoolen.se\/wp-content\/uploads\/jekko-SPX650-minikran-truckpoolen-200x284.png 200w, https:\/\/truckpoolen.se\/wp-content\/uploads\/jekko-SPX650-minikran-truckpoolen-400x569.png 400w, https:\/\/truckpoolen.se\/wp-content\/uploads\/jekko-SPX650-minikran-truckpoolen.png 560w\" sizes=\"(max-width: 1000px) 100vw, 400px\" \/><\/a><\/span><div class=\"fusion-aligncenter\"><style type=\"text\/css\">.fusion-button.button-2 {border-radius:25px;}<\/style><a class=\"fusion-button button-flat button-large button-default button-2 fusion-button-default-span fusion-button-default-type\" target=\"_self\" href=\"\/en\/minikran\/\"><i class=\"fa-angle-right fas button-icon-left\" aria-hidden=\"true\"><\/i><span class=\"fusion-button-text\">Read more<\/span><\/a><\/div><div class=\"fusion-clearfix\"><\/div><\/div><\/div><div class=\"fusion-layout-column fusion_builder_column fusion-builder-column-3 fusion_builder_column_1_4 1_4 fusion-one-fourth custom-margin\" style=\"width:25%;width:calc(25% - ( ( 0px + 0px + 0 ) * 0.25 ) );margin-right: 0px;margin-top:0px;margin-bottom:0px;\"><div class=\"fusion-column-wrapper fusion-flex-column-wrapper-legacy\" style=\"background-position:left top;background-repeat:no-repeat;-webkit-background-size:cover;-moz-background-size:cover;-o-background-size:cover;background-size:cover;background-color:#e3efef;padding: 20px 20px 20px 20px;\"><div class=\"fusion-text fusion-text-4\"><p class=\"custom-rub\">Begagnade Truckar<\/p>\n<\/div><span class=\"fusion-imageframe imageframe-none imageframe-3 hover-type-none\"><a class=\"fusion-no-lightbox\" href=\"\/en\/begagnade-truckar\/\" target=\"_self\" aria-label=\"Hytt-n\u00e4rbild-tung-truck-truckpoolen\"><img decoding=\"async\" width=\"2001\" height=\"1334\" alt=\"Tung gul motviktstruck. Vi erbjuder kvalitetskontrollerade begagnade truckar f\u00f6r tunga lyft.\" src=\"https:\/\/truckpoolen.se\/wp-content\/uploads\/Hytt-narbild-tung-truck-truckpoolen-scaled.jpg\" class=\"img-responsive wp-image-4684\" srcset=\"https:\/\/truckpoolen.se\/wp-content\/uploads\/Hytt-narbild-tung-truck-truckpoolen-200x133.jpg 200w, https:\/\/truckpoolen.se\/wp-content\/uploads\/Hytt-narbild-tung-truck-truckpoolen-400x267.jpg 400w, https:\/\/truckpoolen.se\/wp-content\/uploads\/Hytt-narbild-tung-truck-truckpoolen-600x400.jpg 600w, https:\/\/truckpoolen.se\/wp-content\/uploads\/Hytt-narbild-tung-truck-truckpoolen-800x533.jpg 800w, https:\/\/truckpoolen.se\/wp-content\/uploads\/Hytt-narbild-tung-truck-truckpoolen-1200x800.jpg 1200w, https:\/\/truckpoolen.se\/wp-content\/uploads\/Hytt-narbild-tung-truck-truckpoolen-scaled.jpg 2001w\" sizes=\"(max-width: 1000px) 100vw, 400px\" \/><\/a><\/span><div class=\"fusion-aligncenter\"><style type=\"text\/css\">.fusion-button.button-3 {border-radius:25px;}<\/style><a class=\"fusion-button button-flat button-large button-default button-3 fusion-button-default-span fusion-button-default-type\" target=\"_self\" href=\"\/en\/begagnade-truckar\/\"><i class=\"fa-angle-right fas button-icon-left\" aria-hidden=\"true\"><\/i><span class=\"fusion-button-text\">Read more<\/span><\/a><\/div><div class=\"fusion-clearfix\"><\/div><\/div><\/div><div class=\"fusion-layout-column fusion_builder_column fusion-builder-column-4 fusion_builder_column_1_4 1_4 fusion-one-fourth fusion-column-last custom-margin\" style=\"width:25%;width:calc(25% - ( ( 0px + 0px + 0 ) * 0.25 ) );margin-top:0px;margin-bottom:0px;\"><div class=\"fusion-column-wrapper fusion-flex-column-wrapper-legacy\" style=\"background-position:left top;background-repeat:no-repeat;-webkit-background-size:cover;-moz-background-size:cover;-o-background-size:cover;background-size:cover;background-color:#e3efef;padding: 20px 20px 20px 20px;\"><div class=\"fusion-text fusion-text-5\"><p class=\"custom-rub\">Latest news<\/p>\n<div id=\"gtx-trans\" style=\"position: absolute; left: 191px; top: 38px;\">\n<div class=\"gtx-trans-icon\"><\/div>\n<\/div>\n<\/div><div class=\"fusion-blog-shortcode fusion-blog-shortcode-1 fusion-blog-archive fusion-blog-layout-grid-wrapper fusion-blog-no\"><style type=\"text\/css\">.fusion-blog-shortcode-1 .fusion-blog-layout-grid .fusion-post-grid{padding:17.5px;}.fusion-blog-shortcode-1 .fusion-posts-container{margin-left: -17.5px !important; margin-right:-17.5px !important;}<\/style><div class=\"fusion-posts-container fusion-posts-container-no fusion-no-meta-info fusion-blog-layout-grid fusion-blog-layout-grid-1 isotope\" data-pages=\"79\" data-grid-col-space=\"35\" style=\"margin: -17.5px -17.5px 0;min-height:500px;\"><article id=\"blog-1-post-4917\" class=\"fusion-post-grid post-4917 post type-post status-publish format-standard has-post-thumbnail hentry category-nyheter\">\n<div class=\"fusion-post-wrapper\" style=\"background-color:rgba(255,255,255,0);border:none;\">\n\n\t\t\t<div class=\"fusion-flexslider flexslider fusion-flexslider-loading fusion-post-slideshow\" style=\"border-color:rgba(255,255,255,0);\">\n\t\t<ul class=\"slides\">\n\t\t\t\n\t\t\t\t\t\t\t\t\t\t\t\t\t\t<li>\n\n<div  class=\"fusion-image-wrapper\" aria-haspopup=\"true\">\n\t\n\t\n\t\t\t\n\t\t\t\t<a href=\"https:\/\/truckpoolen.se\/en\/minikranar-smidiga-lyftlosningar-for-tranga-och-kansliga-miljoer\/\" aria-label=\"Minikranar \u2013 smidiga lyftl\u00f6sningar f\u00f6r tr\u00e5nga och k\u00e4nsliga milj\u00f6er\">\n\t\t\n\t\t\n\t\t\t\t\t<img loading=\"lazy\" decoding=\"async\" width=\"560\" height=\"796\" src=\"https:\/\/truckpoolen.se\/wp-content\/uploads\/jekko-SPX650-minikran-truckpoolen.png\" class=\"attachment-full size-full wp-post-image\" alt=\"Orange minikran\" srcset=\"https:\/\/truckpoolen.se\/wp-content\/uploads\/jekko-SPX650-minikran-truckpoolen-200x284.png 200w, https:\/\/truckpoolen.se\/wp-content\/uploads\/jekko-SPX650-minikran-truckpoolen-400x569.png 400w, https:\/\/truckpoolen.se\/wp-content\/uploads\/jekko-SPX650-minikran-truckpoolen.png 560w\" sizes=\"(min-width: 2200px) 100vw, (min-width: 640px) 1300px, \" \/>\n\t\n\n\n\t\t\t\t<\/a>\n\t\t\n\t\n<\/div>\n<\/li>\n\t\t\t\n\t\t\t\n\t\t\t\t\t\t\t\t\t\t\t\t\t\t\t\t\t\t\t\t\t\t\t\t\t\t\t\t\t\t\t\t\t\t\t\t\t\t<\/ul>\n\t<\/div>\n\t<div class=\"fusion-post-content-wrapper\" style=\"padding:30px 25px 20px 25px;\"><div class=\"fusion-post-content post-content\"><h2 class=\"blog-shortcode-post-title entry-title\"><a href=\"https:\/\/truckpoolen.se\/en\/minikranar-smidiga-lyftlosningar-for-tranga-och-kansliga-miljoer\/\">Minikranar \u2013 smidiga lyftl\u00f6sningar f\u00f6r tr\u00e5nga och k\u00e4nsliga milj\u00f6er<\/a><\/h2><\/div><\/div><div class=\"fusion-clearfix\"><\/div><\/div>\n<\/article>\n<div class=\"fusion-clearfix\"><\/div><\/div><\/div><div class=\"fusion-aligncenter\"><style type=\"text\/css\">.fusion-button.button-4 {border-radius:25px;}<\/style><a class=\"fusion-button button-flat button-large button-default button-4 fusion-button-default-span fusion-button-default-type\" target=\"_self\" href=\"\/en\/nyheter\/\"><i class=\"fa-angle-right fas button-icon-left\" aria-hidden=\"true\"><\/i><span class=\"fusion-button-text\">Read more<\/span><\/a><\/div><div class=\"fusion-clearfix\"><\/div><\/div><\/div><\/div><\/div><div class=\"fusion-fullwidth fullwidth-box fusion-builder-row-3 nonhundred-percent-fullwidth non-hundred-percent-height-scrolling fusion-equal-height-columns\" style=\"background-color: rgba(255,255,255,0);background-position: center center;background-repeat: no-repeat;padding-top:0px;padding-right:0px;padding-bottom:0px;padding-left:0px;margin-bottom: 20px;margin-top: 0px;border-width: 0px 0px 0px 0px;border-color:#eae9e9;border-style:solid;\" ><div class=\"fusion-builder-row fusion-row\"><div class=\"fusion-layout-column fusion_builder_column fusion-builder-column-5 fusion_builder_column_2_5 2_5 fusion-two-fifth fusion-column-first custom-margin\" style=\"width:40%;width:calc(40% - ( ( 20px ) * 0.4 ) );margin-right: 20px;margin-top:0px;margin-bottom:0px;\" id=\"start-contact-column\"><div class=\"fusion-column-wrapper fusion-flex-column-wrapper-legacy\" style=\"background-position:left top;background-repeat:no-repeat;-webkit-background-size:cover;-moz-background-size:cover;-o-background-size:cover;background-size:cover;background-color:#e3efef;padding: 20px 20px 20px 20px;\"><div class=\"fusion-text fusion-text-6\"><p class=\"custom-rub\">Contact<\/p>\n<p>If you have any questions of whether to rent or buy a forklift in Gothenburg, sweden? Leave your name and phone number and we&#039;ll get back to you as soon as we can!!!!<\/p>\n<\/div>\n<div class=\"wpcf7 no-js\" id=\"wpcf7-f2740-o1\" lang=\"sv-SE\" dir=\"ltr\" data-wpcf7-id=\"2740\">\n<div class=\"screen-reader-response\"><p role=\"status\" aria-live=\"polite\" aria-atomic=\"true\"><\/p> <ul><\/ul><\/div>\n<form action=\"\/en\/wp-json\/wp\/v2\/pages\/986#wpcf7-f2740-o1\" method=\"post\" class=\"wpcf7-form init\" aria-label=\"Kontaktformul\u00e4r\" novalidate=\"novalidate\" data-status=\"init\" data-trp-original-action=\"\/en\/wp-json\/wp\/v2\/pages\/986#wpcf7-f2740-o1\">\n<fieldset class=\"hidden-fields-container\"><input type=\"hidden\" name=\"_wpcf7\" value=\"2740\" \/><input type=\"hidden\" name=\"_wpcf7_version\" value=\"6.1.6\" \/><input type=\"hidden\" name=\"_wpcf7_locale\" value=\"sv_SE\" \/><input type=\"hidden\" name=\"_wpcf7_unit_tag\" value=\"wpcf7-f2740-o1\" \/><input type=\"hidden\" name=\"_wpcf7_container_post\" value=\"0\" \/><input type=\"hidden\" name=\"_wpcf7_posted_data_hash\" value=\"\" \/><input type=\"hidden\" name=\"_wpcf7_recaptcha_response\" value=\"\" \/>\n<\/fieldset>\n<p><span class=\"wpcf7-form-control-wrap\" data-name=\"name-2\"><input size=\"40\" maxlength=\"400\" class=\"wpcf7-form-control wpcf7-text wpcf7-validates-as-required\" aria-required=\"true\" aria-invalid=\"false\" placeholder=\"*Enter your name\" value=\"\" type=\"text\" name=\"name-2\" \/><\/span>\n<\/p>\n<p><span class=\"wpcf7-form-control-wrap\" data-name=\"email-2\"><input size=\"40\" maxlength=\"400\" class=\"wpcf7-form-control wpcf7-email wpcf7-validates-as-required wpcf7-text wpcf7-validates-as-email\" aria-required=\"true\" aria-invalid=\"false\" placeholder=\"*Please enter your e-mail\" value=\"\" type=\"email\" name=\"email-2\" \/><\/span>\n<\/p>\n<p><span class=\"wpcf7-form-control-wrap\" data-name=\"tel-2\"><input size=\"40\" maxlength=\"400\" class=\"wpcf7-form-control wpcf7-tel wpcf7-validates-as-required wpcf7-text wpcf7-validates-as-tel\" aria-required=\"true\" aria-invalid=\"false\" placeholder=\"*Please enter a phone number\" value=\"\" type=\"tel\" name=\"tel-2\" \/><\/span>\n<\/p>\n<p><span class=\"wpcf7-form-control-wrap\" data-name=\"textarea-2\"><textarea cols=\"40\" rows=\"10\" maxlength=\"2000\" class=\"wpcf7-form-control wpcf7-textarea\" aria-invalid=\"false\" placeholder=\"Write a message\" name=\"textarea-2\"><\/textarea><\/span>\n<\/p>\n<p>By pressing the \"Submit\" button, you are giving your consent for Truckpoolen will store your contact details.\n<\/p>\n<p><span id=\"wpcf7-6a07965923146-wrapper\" class=\"wpcf7-form-control-wrap honniing-3-wrap\" ><input type=\"hidden\" name=\"honniing-3-random-hash\" value=\"83212181\"><label\n\t\t    for=\"wpcf7-6a07965923146-field\"\n\t\t    class=\"hp-message\"\n        >L\u00e4mna detta f\u00e4lt tomt.<\/label><input\n\t    id=\"wpcf7-6a07965923146-field\"\n\t    \n\t    class=\"wpcf7-form-control wpcf7-text\"\n\t    type=\"text\"\n\t    name=\"h7xrtmrpfonf\"\n\t    value=\"\"\n\t    size=\"40\"\n\t    autocomplete=\"new-password\"\n\t    tabindex=\"1000\"\n    \/><\/span>\n<\/p>\n\n<p><input class=\"wpcf7-form-control wpcf7-submit has-spinner\" type=\"submit\" value=\"Submit\" \/>\n<\/p><div class=\"fusion-alert alert custom alert-custom fusion-alert-center wpcf7-response-output fusion-alert-capitalize alert-dismissable\" style=\"border-width:1px;\"><button type=\"button\" class=\"close toggle-alert\" data-dismiss=\"alert\" aria-hidden=\"true\">\u00d7<\/button><div class=\"fusion-alert-content-wrapper\"><span class=\"fusion-alert-content\"><\/span><\/div><\/div>\n<input type=\"hidden\" name=\"trp-form-language\" value=\"en\"\/><\/form>\n<\/div>\n<div class=\"fusion-clearfix\"><\/div><\/div><\/div><div class=\"fusion-layout-column fusion_builder_column fusion-builder-column-6 fusion_builder_column_3_5 3_5 fusion-three-fifth fusion-column-last custom-margin\" style=\"width:60%;width:calc(60% - ( ( 20px ) * 0.6 ) );margin-top:0px;margin-bottom:0px;\" id=\"gbg-phone\"><div class=\"fusion-column-wrapper fusion-flex-column-wrapper-legacy\" style=\"background-image: url(&#039;https:\/\/truckpoolen.se\/wp-content\/uploads\/MG_2815-03.jpg&#039;);background-position:center bottom;background-repeat:no-repeat;-webkit-background-size:cover;-moz-background-size:cover;-o-background-size:cover;background-size:cover;padding: 80px 20px 80px 20px;\" data-bg-url=\"https:\/\/truckpoolen.se\/wp-content\/uploads\/MG_2815-03.jpg\"><div class=\"fusion-column-content-centered\"><div class=\"fusion-column-content\"><div class=\"fusion-text fusion-text-7\"><p class=\"tel-start\" style=\"font-size: 3.3em; line-height: 0.6; text-align: center;\"><a style=\"color: #fff;\" href=\"tel:031508190\">031-50 81 90<\/a><\/p>\n<\/div><div class=\"fusion-text fusion-text-8\"><p style=\"font-size: 1.7em; line-height: 1.5; text-align: center; color: #fff;\">Pick up yourself or have the machine delivered?<br \/>\nWe are happy to handle everything for you when you rent a forklift in Gothenburg!<\/p>\n<\/div><div class=\"fusion-aligncenter\"><style type=\"text\/css\">.fusion-button.button-5 {border-radius:25px;}<\/style><a class=\"fusion-button button-flat fusion-button-default-size button-default button-5 fusion-button-default-span fusion-button-default-type\" target=\"_self\" href=\"\/en\/truckuthyrning\/\"><span class=\"fusion-button-text\">Find your truck here<\/span><\/a><\/div><\/div><\/div><div class=\"fusion-clearfix\"><\/div><\/div><\/div><\/div><\/div><div class=\"fusion-fullwidth fullwidth-box fusion-builder-row-4 nonhundred-percent-fullwidth non-hundred-percent-height-scrolling fusion-equal-height-columns\" style=\"background-color: rgba(255,255,255,0);background-position: center center;background-repeat: no-repeat;padding-top:0px;padding-right:0px;padding-bottom:0px;padding-left:0px;margin-bottom: 0px;margin-top: 0px;border-width: 0px 0px 0px 0px;border-color:#eae9e9;border-style:solid;\" ><div class=\"fusion-builder-row fusion-row\"><div class=\"fusion-layout-column fusion_builder_column fusion-builder-column-7 fusion_builder_column_1_2 1_2 fusion-one-half fusion-column-first custom-margin\" style=\"width:50%;width:calc(50% - ( ( 0 ) * 0.5 ) );margin-right: 0px;margin-top:0px;margin-bottom:0px;\"><div class=\"fusion-column-wrapper fusion-flex-column-wrapper-legacy\" style=\"background-position:left top;background-repeat:no-repeat;-webkit-background-size:cover;-moz-background-size:cover;-o-background-size:cover;background-size:cover;background-color:#e3efef;padding: 20px 20px 20px 20px;\"><div class=\"fusion-text fusion-text-9\"><p class=\"custom-rub\">Diesel forklifts<\/p>\n<h2>Environmentally certified diesel forklifts<\/h2>\n<p style=\"margin-bottom: 40px;\">All of our diesel forklifts are equipped with an environmentally friendly engine in compliance with EU regulations, as well as with a catalyst. Additionally, indoor execution is fitted with a particle filter. Since March 2002, we have been quality and environmentally certified according to ISO 9001:2000 and ISO 14001 standards, and we continually strive to enhance our processes and establish new objectives. Please reach out to us to rent an eco-friendly forklift in Gothenburg.<\/p>\n<\/div><div class=\"fusion-text fusion-text-10\"><p><a class=\"custom-read-more\" href=\"\/en\/miljopolicy\/\">Read more <i class=\"fa-angle-right fa\"><\/i><\/a><\/p>\n<\/div><div class=\"fusion-clearfix\"><\/div><\/div><\/div><div class=\"fusion-layout-column fusion_builder_column fusion-builder-column-8 fusion_builder_column_1_2 1_2 fusion-one-half fusion-column-last custom-margin\" style=\"width:50%;width:calc(50% - ( ( 0 ) * 0.5 ) );margin-top:0px;margin-bottom:0px;\" id=\"start-service-column\"><div class=\"fusion-column-wrapper fusion-flex-column-wrapper-legacy\" style=\"background-position:left top;background-repeat:no-repeat;-webkit-background-size:cover;-moz-background-size:cover;-o-background-size:cover;background-size:cover;background-color:#e3efef;padding: 20px 20px 20px 20px;\"><div class=\"fusion-text fusion-text-11\"><p class=\"custom-rub\">Forkliftservice<\/p>\n<\/div><div class=\"fusion-builder-row fusion-builder-row-inner fusion-row\"><div class=\"fusion-layout-column fusion_builder_column_inner fusion-builder-nested-column-0 fusion_builder_column_inner_1_4 1_4 fusion-one-fourth fusion-column-first service-icon-outer\" style=\"width:25%;width:calc(25% - ( ( 4% ) * 0.25 ) );margin-right: 4%;margin-top:0px;margin-bottom:0px;\" id=\"service-icon-outer-id\"><div class=\"fusion-column-wrapper fusion-flex-column-wrapper-legacy\" style=\"background-position:left top;background-repeat:no-repeat;-webkit-background-size:cover;-moz-background-size:cover;-o-background-size:cover;background-size:cover;padding: 0px 0px 0px 0px;\"><span class=\"fusion-imageframe imageframe-none imageframe-4 hover-type-none\"><img loading=\"lazy\" decoding=\"async\" width=\"1398\" height=\"1398\" alt=\"Ikon med verktyg f\u00f6r truckservice. Professionell truckreparation och underh\u00e5ll i G\u00f6teborg.\" title=\"service icon\" src=\"https:\/\/truckpoolen.se\/wp-content\/uploads\/service-icon.png\" class=\"img-responsive wp-image-3541\" srcset=\"https:\/\/truckpoolen.se\/wp-content\/uploads\/service-icon-200x200.png 200w, https:\/\/truckpoolen.se\/wp-content\/uploads\/service-icon-400x400.png 400w, https:\/\/truckpoolen.se\/wp-content\/uploads\/service-icon-600x600.png 600w, https:\/\/truckpoolen.se\/wp-content\/uploads\/service-icon-800x800.png 800w, https:\/\/truckpoolen.se\/wp-content\/uploads\/service-icon-1200x1200.png 1200w, https:\/\/truckpoolen.se\/wp-content\/uploads\/service-icon.png 1398w\" sizes=\"auto, (max-width: 1000px) 100vw, 400px\" \/><\/span><div class=\"fusion-clearfix\"><\/div><\/div><\/div><div class=\"fusion-layout-column fusion_builder_column_inner fusion-builder-nested-column-1 fusion_builder_column_inner_3_4 3_4 fusion-three-fourth fusion-column-last service-text-start\" style=\"width:75%;width:calc(75% - ( ( 4% ) * 0.75 ) );margin-top:0px;margin-bottom:0px;\" id=\"service-text-start-id\"><div class=\"fusion-column-wrapper fusion-flex-column-wrapper-legacy\" style=\"background-position:left top;background-repeat:no-repeat;-webkit-background-size:cover;-moz-background-size:cover;-o-background-size:cover;background-size:cover;padding: 0px 0px 0px 0px;\"><div class=\"fusion-text fusion-text-12\"><h2>A complete truck repair and truck service in Gothenburg.<\/h2>\n<p>The competent and service-oriented mechanics of Truckpoolen perform truck servicing and truck repairs in Gothenburg on both your and our own trucks at our workshop in Arendal, or with the assistance of our service vehicles on-site in Gothenburg and surrounding areas such as Kung\u00e4lv, Lerum, Partille, M\u00f6lndal, Kungsbacka, and more.<\/p>\n<\/div><div class=\"fusion-clearfix\"><\/div><\/div><\/div><\/div><div class=\"fusion-text fusion-text-13\"><p><a class=\"custom-read-more\" href=\"\/en\/service\/\">Read more <i class=\"fa-angle-right fa\"><\/i><\/a><\/p>\n<\/div><div class=\"fusion-clearfix\"><\/div><\/div><\/div><\/div><style type=\"text\/css\">.fusion-fullwidth.fusion-builder-row-4 { overflow:hidden; }<\/style><\/div><\/p>","protected":false},"excerpt":{"rendered":"","protected":false},"author":18,"featured_media":0,"parent":0,"menu_order":0,"comment_status":"closed","ping_status":"closed","template":"100-width.php","meta":{"footnotes":""},"class_list":["post-986","page","type-page","status-publish","hentry"],"_links":{"self":[{"href":"https:\/\/truckpoolen.se\/en\/wp-json\/wp\/v2\/pages\/986","targetHints":{"allow":["GET"]}}],"collection":[{"href":"https:\/\/truckpoolen.se\/en\/wp-json\/wp\/v2\/pages"}],"about":[{"href":"https:\/\/truckpoolen.se\/en\/wp-json\/wp\/v2\/types\/page"}],"author":[{"embeddable":true,"href":"https:\/\/truckpoolen.se\/en\/wp-json\/wp\/v2\/users\/18"}],"replies":[{"embeddable":true,"href":"https:\/\/truckpoolen.se\/en\/wp-json\/wp\/v2\/comments?post=986"}],"version-history":[{"count":13,"href":"https:\/\/truckpoolen.se\/en\/wp-json\/wp\/v2\/pages\/986\/revisions"}],"predecessor-version":[{"id":4957,"href":"https:\/\/truckpoolen.se\/en\/wp-json\/wp\/v2\/pages\/986\/revisions\/4957"}],"wp:attachment":[{"href":"https:\/\/truckpoolen.se\/en\/wp-json\/wp\/v2\/media?parent=986"}],"curies":[{"name":"wp","href":"https:\/\/api.w.org\/{rel}","templated":true}]}}